{"id":6913,"date":"2023-12-14T21:59:49","date_gmt":"2023-12-15T02:59:49","guid":{"rendered":"https:\/\/ascentriacaprd.wpenginepowered.com\/comunidad\/participa\/inmigrantes-refugiados-y-solicitantes-de-asilo\/"},"modified":"2024-07-08T18:48:05","modified_gmt":"2024-07-08T22:48:05","slug":"inmigrantes-refugiados-y-solicitantes-de-asilo","status":"publish","type":"page","link":"https:\/\/www.ascentria.org\/es\/comunidad\/participa\/inmigrantes-refugiados-y-solicitantes-de-asilo\/","title":{"rendered":"Inmigrantes, refugiados y solicitantes de asilo"},"content":{"rendered":"","protected":false},"excerpt":{"rendered":"<p>Acceda a representaci\u00f3n legal y servicios dise\u00f1ados para ayudar a acoger a los reci\u00e9n llegados.<\/p>\n","protected":false},"author":5,"featured_media":0,"parent":6697,"menu_order":7,"comment_status":"closed","ping_status":"closed","template":"","meta":{"_acf_changed":false,"content-type":"","om_disable_all_campaigns":false,"footnotes":""},"class_list":["post-6913","page","type-page","status-publish","hentry"],"acf":[],"yoast_head":"<!-- This site is optimized with the Yoast SEO Premium plugin v27.3 (Yoast SEO v27.3) - https:\/\/yoast.com\/product\/yoast-seo-premium-wordpress\/ -->\n<title>Inmigrantes, refugiados y solicitantes de asilo - Ascentria Care Alliance<\/title>\n<meta name=\"robots\" content=\"index, follow, max-snippet:-1, max-image-preview:large, max-video-preview:-1\" \/>\n<link rel=\"canonical\" href=\"https:\/\/www.ascentria.org\/es\/comunidad\/participa\/inmigrantes-refugiados-y-solicitantes-de-asilo\/\" \/>\n<meta property=\"og:locale\" content=\"es_ES\" \/>\n<meta property=\"og:type\" content=\"article\" \/>\n<meta property=\"og:title\" content=\"Inmigrantes, refugiados y solicitantes de asilo\" \/>\n<meta property=\"og:description\" content=\"Acceda a representaci\u00f3n legal y servicios dise\u00f1ados para ayudar a acoger a los reci\u00e9n llegados.\" \/>\n<meta property=\"og:url\" content=\"https:\/\/www.ascentria.org\/es\/comunidad\/participa\/inmigrantes-refugiados-y-solicitantes-de-asilo\/\" \/>\n<meta property=\"og:site_name\" content=\"Ascentria Care Alliance\" \/>\n<meta property=\"article:modified_time\" content=\"2024-07-08T22:48:05+00:00\" \/>\n<meta name=\"twitter:card\" content=\"summary_large_image\" \/>\n<script type=\"application\/ld+json\" class=\"yoast-schema-graph\">{\"@context\":\"https:\\\/\\\/schema.org\",\"@graph\":[{\"@type\":\"WebPage\",\"@id\":\"https:\\\/\\\/www.ascentria.org\\\/es\\\/comunidad\\\/participa\\\/inmigrantes-refugiados-y-solicitantes-de-asilo\\\/\",\"url\":\"https:\\\/\\\/www.ascentria.org\\\/es\\\/comunidad\\\/participa\\\/inmigrantes-refugiados-y-solicitantes-de-asilo\\\/\",\"name\":\"Inmigrantes, refugiados y solicitantes de asilo - Ascentria Care Alliance\",\"isPartOf\":{\"@id\":\"https:\\\/\\\/www.ascentria.org\\\/es\\\/#website\"},\"datePublished\":\"2023-12-15T02:59:49+00:00\",\"dateModified\":\"2024-07-08T22:48:05+00:00\",\"breadcrumb\":{\"@id\":\"https:\\\/\\\/www.ascentria.org\\\/es\\\/comunidad\\\/participa\\\/inmigrantes-refugiados-y-solicitantes-de-asilo\\\/#breadcrumb\"},\"inLanguage\":\"es\",\"potentialAction\":[{\"@type\":\"ReadAction\",\"target\":[\"https:\\\/\\\/www.ascentria.org\\\/es\\\/comunidad\\\/participa\\\/inmigrantes-refugiados-y-solicitantes-de-asilo\\\/\"]}]},{\"@type\":\"BreadcrumbList\",\"@id\":\"https:\\\/\\\/www.ascentria.org\\\/es\\\/comunidad\\\/participa\\\/inmigrantes-refugiados-y-solicitantes-de-asilo\\\/#breadcrumb\",\"itemListElement\":[{\"@type\":\"ListItem\",\"position\":1,\"name\":\"Home\",\"item\":\"https:\\\/\\\/www.ascentria.org\\\/es\\\/\"},{\"@type\":\"ListItem\",\"position\":2,\"name\":\"Comunidad\",\"item\":\"https:\\\/\\\/www.ascentria.org\\\/es\\\/comunidad\\\/\"},{\"@type\":\"ListItem\",\"position\":3,\"name\":\"Participa\",\"item\":\"https:\\\/\\\/www.ascentria.org\\\/es\\\/comunidad\\\/participa\\\/\"},{\"@type\":\"ListItem\",\"position\":4,\"name\":\"Inmigrantes, refugiados y solicitantes de asilo\"}]},{\"@type\":\"WebSite\",\"@id\":\"https:\\\/\\\/www.ascentria.org\\\/es\\\/#website\",\"url\":\"https:\\\/\\\/www.ascentria.org\\\/es\\\/\",\"name\":\"Ascentria Care Alliance\",\"description\":\"\",\"publisher\":{\"@id\":\"https:\\\/\\\/www.ascentria.org\\\/es\\\/#organization\"},\"potentialAction\":[{\"@type\":\"SearchAction\",\"target\":{\"@type\":\"EntryPoint\",\"urlTemplate\":\"https:\\\/\\\/www.ascentria.org\\\/es\\\/?s={search_term_string}\"},\"query-input\":{\"@type\":\"PropertyValueSpecification\",\"valueRequired\":true,\"valueName\":\"search_term_string\"}}],\"inLanguage\":\"es\"},{\"@type\":\"Organization\",\"@id\":\"https:\\\/\\\/www.ascentria.org\\\/es\\\/#organization\",\"name\":\"Ascentria Care Alliance\",\"url\":\"https:\\\/\\\/www.ascentria.org\\\/es\\\/\",\"logo\":{\"@type\":\"ImageObject\",\"inLanguage\":\"es\",\"@id\":\"https:\\\/\\\/www.ascentria.org\\\/es\\\/#\\\/schema\\\/logo\\\/image\\\/\",\"url\":\"https:\\\/\\\/www.ascentria.org\\\/wp-content\\\/uploads\\\/2023\\\/11\\\/asc-logo-horiz-light.png\",\"contentUrl\":\"https:\\\/\\\/www.ascentria.org\\\/wp-content\\\/uploads\\\/2023\\\/11\\\/asc-logo-horiz-light.png\",\"width\":1534,\"height\":424,\"caption\":\"Ascentria Care Alliance\"},\"image\":{\"@id\":\"https:\\\/\\\/www.ascentria.org\\\/es\\\/#\\\/schema\\\/logo\\\/image\\\/\"}}]}<\/script>\n<!-- \/ Yoast SEO Premium plugin. -->","yoast_head_json":{"title":"Inmigrantes, refugiados y solicitantes de asilo - Ascentria Care Alliance","robots":{"index":"index","follow":"follow","max-snippet":"max-snippet:-1","max-image-preview":"max-image-preview:large","max-video-preview":"max-video-preview:-1"},"canonical":"https:\/\/www.ascentria.org\/es\/comunidad\/participa\/inmigrantes-refugiados-y-solicitantes-de-asilo\/","og_locale":"es_ES","og_type":"article","og_title":"Inmigrantes, refugiados y solicitantes de asilo","og_description":"Acceda a representaci\u00f3n legal y servicios dise\u00f1ados para ayudar a acoger a los reci\u00e9n llegados.","og_url":"https:\/\/www.ascentria.org\/es\/comunidad\/participa\/inmigrantes-refugiados-y-solicitantes-de-asilo\/","og_site_name":"Ascentria Care Alliance","article_modified_time":"2024-07-08T22:48:05+00:00","twitter_card":"summary_large_image","schema":{"@context":"https:\/\/schema.org","@graph":[{"@type":"WebPage","@id":"https:\/\/www.ascentria.org\/es\/comunidad\/participa\/inmigrantes-refugiados-y-solicitantes-de-asilo\/","url":"https:\/\/www.ascentria.org\/es\/comunidad\/participa\/inmigrantes-refugiados-y-solicitantes-de-asilo\/","name":"Inmigrantes, refugiados y solicitantes de asilo - Ascentria Care Alliance","isPartOf":{"@id":"https:\/\/www.ascentria.org\/es\/#website"},"datePublished":"2023-12-15T02:59:49+00:00","dateModified":"2024-07-08T22:48:05+00:00","breadcrumb":{"@id":"https:\/\/www.ascentria.org\/es\/comunidad\/participa\/inmigrantes-refugiados-y-solicitantes-de-asilo\/#breadcrumb"},"inLanguage":"es","potentialAction":[{"@type":"ReadAction","target":["https:\/\/www.ascentria.org\/es\/comunidad\/participa\/inmigrantes-refugiados-y-solicitantes-de-asilo\/"]}]},{"@type":"BreadcrumbList","@id":"https:\/\/www.ascentria.org\/es\/comunidad\/participa\/inmigrantes-refugiados-y-solicitantes-de-asilo\/#breadcrumb","itemListElement":[{"@type":"ListItem","position":1,"name":"Home","item":"https:\/\/www.ascentria.org\/es\/"},{"@type":"ListItem","position":2,"name":"Comunidad","item":"https:\/\/www.ascentria.org\/es\/comunidad\/"},{"@type":"ListItem","position":3,"name":"Participa","item":"https:\/\/www.ascentria.org\/es\/comunidad\/participa\/"},{"@type":"ListItem","position":4,"name":"Inmigrantes, refugiados y solicitantes de asilo"}]},{"@type":"WebSite","@id":"https:\/\/www.ascentria.org\/es\/#website","url":"https:\/\/www.ascentria.org\/es\/","name":"Ascentria Care Alliance","description":"","publisher":{"@id":"https:\/\/www.ascentria.org\/es\/#organization"},"potentialAction":[{"@type":"SearchAction","target":{"@type":"EntryPoint","urlTemplate":"https:\/\/www.ascentria.org\/es\/?s={search_term_string}"},"query-input":{"@type":"PropertyValueSpecification","valueRequired":true,"valueName":"search_term_string"}}],"inLanguage":"es"},{"@type":"Organization","@id":"https:\/\/www.ascentria.org\/es\/#organization","name":"Ascentria Care Alliance","url":"https:\/\/www.ascentria.org\/es\/","logo":{"@type":"ImageObject","inLanguage":"es","@id":"https:\/\/www.ascentria.org\/es\/#\/schema\/logo\/image\/","url":"https:\/\/www.ascentria.org\/wp-content\/uploads\/2023\/11\/asc-logo-horiz-light.png","contentUrl":"https:\/\/www.ascentria.org\/wp-content\/uploads\/2023\/11\/asc-logo-horiz-light.png","width":1534,"height":424,"caption":"Ascentria Care Alliance"},"image":{"@id":"https:\/\/www.ascentria.org\/es\/#\/schema\/logo\/image\/"}}]}},"_links":{"self":[{"href":"https:\/\/www.ascentria.org\/es\/wp-json\/wp\/v2\/pages\/6913","targetHints":{"allow":["GET"]}}],"collection":[{"href":"https:\/\/www.ascentria.org\/es\/wp-json\/wp\/v2\/pages"}],"about":[{"href":"https:\/\/www.ascentria.org\/es\/wp-json\/wp\/v2\/types\/page"}],"author":[{"embeddable":true,"href":"https:\/\/www.ascentria.org\/es\/wp-json\/wp\/v2\/users\/5"}],"replies":[{"embeddable":true,"href":"https:\/\/www.ascentria.org\/es\/wp-json\/wp\/v2\/comments?post=6913"}],"version-history":[{"count":0,"href":"https:\/\/www.ascentria.org\/es\/wp-json\/wp\/v2\/pages\/6913\/revisions"}],"up":[{"embeddable":true,"href":"https:\/\/www.ascentria.org\/es\/wp-json\/wp\/v2\/pages\/6697"}],"wp:attachment":[{"href":"https:\/\/www.ascentria.org\/es\/wp-json\/wp\/v2\/media?parent=6913"}],"curies":[{"name":"wp","href":"https:\/\/api.w.org\/{rel}","templated":true}]}}