{"id":6699,"date":"2023-12-07T12:54:02","date_gmt":"2023-12-07T17:54:02","guid":{"rendered":"https:\/\/ascentriacaprd.wpenginepowered.com\/communaute\/simpliquer\/"},"modified":"2024-07-08T14:08:40","modified_gmt":"2024-07-08T18:08:40","slug":"simpliquer","status":"publish","type":"page","link":"https:\/\/www.ascentria.org\/fr\/communaute\/simpliquer\/","title":{"rendered":"S&rsquo;impliquer"},"content":{"rendered":"\t\t<div data-elementor-type=\"wp-page\" data-elementor-id=\"6699\" class=\"elementor elementor-6699 elementor-969\" data-elementor-post-type=\"page\">\n\t\t\t\t<div class=\"elementor-element elementor-element-7fc8d337 elementor-hidden-mobile e-flex e-con-boxed e-con e-parent\" data-id=\"7fc8d337\" data-element_type=\"container\">\n\t\t\t\t\t<div class=\"e-con-inner\">\n\t\t\t\t<div class=\"elementor-element elementor-element-c10f88b elementor-widget elementor-widget-breadcrumbs\" data-id=\"c10f88b\" data-element_type=\"widget\" data-widget_type=\"breadcrumbs.default\">\n\t\t\t\t<div class=\"elementor-widget-container\">\n\t\t\t\t\t<p id=\"breadcrumbs\"><span><span><a href=\"https:\/\/www.ascentria.org\/fr\/\">Home<\/a><\/span><\/span><\/p>\t\t\t\t<\/div>\n\t\t\t\t<\/div>\n\t\t\t\t\t<\/div>\n\t\t\t\t<\/div>\n\t\t<div class=\"elementor-element elementor-element-3abf5bef e-flex e-con-boxed e-con e-parent\" data-id=\"3abf5bef\" data-element_type=\"container\" data-settings=\"{&quot;background_background&quot;:&quot;classic&quot;}\">\n\t\t\t\t\t<div class=\"e-con-inner\">\n\t\t<div class=\"elementor-element elementor-element-388c8952 e-con-full e-flex e-con e-child\" data-id=\"388c8952\" data-element_type=\"container\">\n\t\t\t\t<div class=\"elementor-element elementor-element-37fe224b elementor-widget elementor-widget-heading\" data-id=\"37fe224b\" data-element_type=\"widget\" data-widget_type=\"heading.default\">\n\t\t\t\t<div class=\"elementor-widget-container\">\n\t\t\t\t\t<h3 class=\"elementor-heading-title elementor-size-default\">S'impliquer<\/h3>\t\t\t\t<\/div>\n\t\t\t\t<\/div>\n\t\t\t\t<div class=\"elementor-element elementor-element-36eeb938 elementor-widget elementor-widget-spacer\" data-id=\"36eeb938\" data-element_type=\"widget\" data-widget_type=\"spacer.default\">\n\t\t\t\t<div class=\"elementor-widget-container\">\n\t\t\t\t\t\t\t<div class=\"elementor-spacer\">\n\t\t\t<div class=\"elementor-spacer-inner\"><\/div>\n\t\t<\/div>\n\t\t\t\t\t\t<\/div>\n\t\t\t\t<\/div>\n\t\t\t\t<div class=\"elementor-element elementor-element-3800260f elementor-widget elementor-widget-heading\" data-id=\"3800260f\" data-element_type=\"widget\" data-widget_type=\"heading.default\">\n\t\t\t\t<div class=\"elementor-widget-container\">\n\t\t\t\t\t<h2 class=\"elementor-heading-title elementor-size-default\">Plaider, faire du b\u00e9n\u00e9volat, et plus encore !<\/h2>\t\t\t\t<\/div>\n\t\t\t\t<\/div>\n\t\t<div class=\"elementor-element elementor-element-2c9103d4 e-con-full e-flex e-con e-child\" data-id=\"2c9103d4\" data-element_type=\"container\">\n\t\t\t\t<div class=\"elementor-element elementor-element-239e1b01 elementor-widget elementor-widget-spacer\" data-id=\"239e1b01\" data-element_type=\"widget\" data-widget_type=\"spacer.default\">\n\t\t\t\t<div class=\"elementor-widget-container\">\n\t\t\t\t\t\t\t<div class=\"elementor-spacer\">\n\t\t\t<div class=\"elementor-spacer-inner\"><\/div>\n\t\t<\/div>\n\t\t\t\t\t\t<\/div>\n\t\t\t\t<\/div>\n\t\t\t\t<div class=\"elementor-element elementor-element-1ec05fa2 elementor-widget-divider--view-line elementor-widget elementor-widget-global elementor-global-226 elementor-widget-divider\" data-id=\"1ec05fa2\" data-element_type=\"widget\" data-widget_type=\"divider.default\">\n\t\t\t\t<div class=\"elementor-widget-container\">\n\t\t\t\t\t\t\t<div class=\"elementor-divider\">\n\t\t\t<span class=\"elementor-divider-separator\">\n\t\t\t\t\t\t<\/span>\n\t\t<\/div>\n\t\t\t\t\t\t<\/div>\n\t\t\t\t<\/div>\n\t\t\t\t<div class=\"elementor-element elementor-element-1c68accb elementor-widget elementor-widget-spacer\" data-id=\"1c68accb\" data-element_type=\"widget\" data-widget_type=\"spacer.default\">\n\t\t\t\t<div class=\"elementor-widget-container\">\n\t\t\t\t\t\t\t<div class=\"elementor-spacer\">\n\t\t\t<div class=\"elementor-spacer-inner\"><\/div>\n\t\t<\/div>\n\t\t\t\t\t\t<\/div>\n\t\t\t\t<\/div>\n\t\t\t\t<div class=\"elementor-element elementor-element-78537dd2 elementor-widget elementor-widget-text-editor\" data-id=\"78537dd2\" data-element_type=\"widget\" data-widget_type=\"text-editor.default\">\n\t\t\t\t<div class=\"elementor-widget-container\">\n\t\t\t\t\t\t\t\t\t<p>Avez-vous un talent, un int\u00e9r\u00eat ou une expertise que vous aimeriez partager ? Vous \u00eates passionn\u00e9(e) par la promotion du changement ? Vous aimez faire une diff\u00e9rence positive dans la vie des autres ? Si c&rsquo;est le cas, continuez \u00e0 d\u00e9filer pour commencer \u00e0 faire la diff\u00e9rence !  <\/p>\n\t\t\t\t\t\t\t\t<\/div>\n\t\t\t\t<\/div>\n\t\t\t\t<\/div>\n\t\t\t\t<div class=\"elementor-element elementor-element-795c664c elementor-widget elementor-widget-spacer\" data-id=\"795c664c\" data-element_type=\"widget\" data-widget_type=\"spacer.default\">\n\t\t\t\t<div class=\"elementor-widget-container\">\n\t\t\t\t\t\t\t<div class=\"elementor-spacer\">\n\t\t\t<div class=\"elementor-spacer-inner\"><\/div>\n\t\t<\/div>\n\t\t\t\t\t\t<\/div>\n\t\t\t\t<\/div>\n\t\t\t\t<\/div>\n\t\t\t\t\t<\/div>\n\t\t\t\t<\/div>\n\t\t<div class=\"elementor-element elementor-element-73bf96a e-flex e-con-boxed e-con e-parent\" data-id=\"73bf96a\" data-element_type=\"container\" data-settings=\"{&quot;background_background&quot;:&quot;classic&quot;}\">\n\t\t\t\t\t<div class=\"e-con-inner\">\n\t\t<div class=\"elementor-element elementor-element-56a4e49 e-flex e-con-boxed e-con e-child\" data-id=\"56a4e49\" data-element_type=\"container\">\n\t\t\t\t\t<div class=\"e-con-inner\">\n\t\t\t\t<div class=\"elementor-element elementor-element-046c1bb elementor-widget__width-initial elementor-cta--skin-classic elementor-animated-content elementor-bg-transform elementor-bg-transform-zoom-in elementor-widget elementor-widget-call-to-action\" data-id=\"046c1bb\" data-element_type=\"widget\" data-widget_type=\"call-to-action.default\">\n\t\t\t\t<div class=\"elementor-widget-container\">\n\t\t\t\t\t\t\t<div class=\"elementor-cta\">\n\t\t\t\t\t<div class=\"elementor-cta__bg-wrapper\">\n\t\t\t\t<div class=\"elementor-cta__bg elementor-bg\" style=\"background-image: url(https:\/\/www.ascentria.org\/wp-content\/uploads\/2023\/12\/advocate-1024x577.png);\" role=\"img\" aria-label=\"advocate\"><\/div>\n\t\t\t\t<div class=\"elementor-cta__bg-overlay\"><\/div>\n\t\t\t<\/div>\n\t\t\t\t\t\t\t<div class=\"elementor-cta__content\">\n\t\t\t\t\n\t\t\t\t\t\t\t\t\t<h2 class=\"elementor-cta__title elementor-cta__content-item elementor-content-item\">\n\t\t\t\t\t\tNos actions comptent : D\u00e9fendre la cause<span data-metadata=\"&lt;!--(figmeta)eyJmaWxlS2V5IjoiYWVoVHJ2YWRyd3BSMkJBU0kyclpnSyIsInBhc3RlSUQiOjI4NzU4NjYzNSwiZGF0YVR5cGUiOiJzY2VuZSJ9Cg==(\/figmeta)--&gt;\"><\/span>\t\t\t\t\t<\/h2>\n\t\t\t\t\n\t\t\t\t\t\t\t\t\t<div class=\"elementor-cta__description elementor-cta__content-item elementor-content-item\">\n\t\t\t\t\t\t<p>Les sympathisants d'Ascentria, qui travaillent aux c\u00f4t\u00e9s de notre \u00e9quipe de plaidoyer, rendent le monde plus juste en luttant pour des politiques qui cr\u00e9ent des changements r\u00e9els dans les communaut\u00e9s de la Nouvelle-Angleterre. Nous sommes ravis d'offrir un nouveau moyen aux sympathisants, comme vous, de contacter vos repr\u00e9sentants et de plaider en faveur des politiques. Cliquez sur le bouton ci-dessous pour d\u00e9couvrir notre nouvel outil de plaidoyer.<\/p>\n\t\t\t\t\t<\/div>\n\t\t\t\t\n\t\t\t\t\t\t\t\t\t<div class=\"elementor-cta__button-wrapper elementor-cta__content-item elementor-content-item \">\n\t\t\t\t\t<a class=\"elementor-cta__button elementor-button elementor-size-\" href=\"https:\/\/www.ascentria.org\/community\/get-involved\/advocate\/\">\n\t\t\t\t\t\tLe plaidoyer aujourd'hui\t\t\t\t\t<\/a>\n\t\t\t\t\t<\/div>\n\t\t\t\t\t\t\t<\/div>\n\t\t\t\t\t\t<\/div>\n\t\t\t\t\t\t<\/div>\n\t\t\t\t<\/div>\n\t\t\t\t<div class=\"elementor-element elementor-element-4c803ec elementor-widget__width-initial elementor-cta--skin-classic elementor-animated-content elementor-bg-transform elementor-bg-transform-zoom-in elementor-widget elementor-widget-call-to-action\" data-id=\"4c803ec\" data-element_type=\"widget\" data-widget_type=\"call-to-action.default\">\n\t\t\t\t<div class=\"elementor-widget-container\">\n\t\t\t\t\t\t\t<div class=\"elementor-cta\">\n\t\t\t\t\t<div class=\"elementor-cta__bg-wrapper\">\n\t\t\t\t<div class=\"elementor-cta__bg elementor-bg\" style=\"background-image: url(https:\/\/www.ascentria.org\/wp-content\/uploads\/2023\/12\/Volunteer-with-us.png);\" role=\"img\" aria-label=\"Volunteer-with-us\"><\/div>\n\t\t\t\t<div class=\"elementor-cta__bg-overlay\"><\/div>\n\t\t\t<\/div>\n\t\t\t\t\t\t\t<div class=\"elementor-cta__content\">\n\t\t\t\t\n\t\t\t\t\t\t\t\t\t<h2 class=\"elementor-cta__title elementor-cta__content-item elementor-content-item\">\n\t\t\t\t\t\tB\u00e9n\u00e9vole\t\t\t\t\t<\/h2>\n\t\t\t\t\n\t\t\t\t\t\t\t\t\t<div class=\"elementor-cta__description elementor-cta__content-item elementor-content-item\">\n\t\t\t\t\t\t<p>Le tutorat, le mentorat, la garde d'enfants, les services professionnels b\u00e9n\u00e9voles et la formation professionnelle ne sont que quelques exemples de la mani\u00e8re dont nos b\u00e9n\u00e9voles contribuent \u00e0 cr\u00e9er un changement r\u00e9el et durable chez les autres.<\/p>\n<p>Il existe une vari\u00e9t\u00e9 de possibilit\u00e9s de b\u00e9n\u00e9volat dans les \u00e9tablissements de l'Ascentria Care Alliance dans toute la Nouvelle-Angleterre. Vous pouvez choisir d'\u00eatre b\u00e9n\u00e9vole au sein d'un groupe ou en tant qu'individu, de fa\u00e7on continue ou ponctuelle.<\/p>\n\t\t\t\t\t<\/div>\n\t\t\t\t\n\t\t\t\t\t\t\t\t\t<div class=\"elementor-cta__button-wrapper elementor-cta__content-item elementor-content-item \">\n\t\t\t\t\t<a class=\"elementor-cta__button elementor-button elementor-size-\" href=\"https:\/\/ascentriacaprd.wpenginepowered.com\/community\/get-involved-i-want-to\/volunteer\/\">\n\t\t\t\t\t\tS'INFORMER SUR LES OPPORTUNIT\u00c9S\t\t\t\t\t<\/a>\n\t\t\t\t\t<\/div>\n\t\t\t\t\t\t\t<\/div>\n\t\t\t\t\t\t<\/div>\n\t\t\t\t\t\t<\/div>\n\t\t\t\t<\/div>\n\t\t\t\t<div class=\"elementor-element elementor-element-f7b8adb elementor-widget__width-initial elementor-cta--skin-classic elementor-animated-content elementor-bg-transform elementor-bg-transform-zoom-in elementor-widget elementor-widget-call-to-action\" data-id=\"f7b8adb\" data-element_type=\"widget\" data-widget_type=\"call-to-action.default\">\n\t\t\t\t<div class=\"elementor-widget-container\">\n\t\t\t\t\t\t\t<div class=\"elementor-cta\">\n\t\t\t\t\t<div class=\"elementor-cta__bg-wrapper\">\n\t\t\t\t<div class=\"elementor-cta__bg elementor-bg\" style=\"background-image: url(https:\/\/www.ascentria.org\/wp-content\/uploads\/2023\/12\/Neighborhood-Support-Team-1-1024x577.png);\" role=\"img\" aria-label=\"Neighborhood-Support-Team-(1)\"><\/div>\n\t\t\t\t<div class=\"elementor-cta__bg-overlay\"><\/div>\n\t\t\t<\/div>\n\t\t\t\t\t\t\t<div class=\"elementor-cta__content\">\n\t\t\t\t\n\t\t\t\t\t\t\t\t\t<h2 class=\"elementor-cta__title elementor-cta__content-item elementor-content-item\">\n\t\t\t\t\t\tRejoindre ou former une \u00e9quipe de soutien de quartier\t\t\t\t\t<\/h2>\n\t\t\t\t\n\t\t\t\t\t\t\t\t\t<div class=\"elementor-cta__description elementor-cta__content-item elementor-content-item\">\n\t\t\t\t\t\t<p>Les Neighborhood Support Teams (NST) travaillent aux c\u00f4t\u00e9s des gestionnaires de cas d'Ascentria pour aider les familles et les individus r\u00e9fugi\u00e9s \u00e0 acc\u00e9der aux ressources, \u00e0 se r\u00e9tablir et \u00e0 gu\u00e9rir, et \u00e0 construire une vie autonome ici aux \u00c9tats-Unis. Les NST sont form\u00e9es lorsqu'une communaut\u00e9 d\u00e9cide de s'engager \u00e0 parrainer un individu ou une famille en lui fournissant un soutien pendant une p\u00e9riode pouvant aller jusqu'\u00e0 un an.<\/p>\n\t\t\t\t\t<\/div>\n\t\t\t\t\n\t\t\t\t\t\t\t\t\t<div class=\"elementor-cta__button-wrapper elementor-cta__content-item elementor-content-item \">\n\t\t\t\t\t<a class=\"elementor-cta__button elementor-button elementor-size-\" href=\"https:\/\/www.ascentria.org\/neighborhood-support-team\/\">\n\t\t\t\t\t\tEN SAVOIR PLUS\t\t\t\t\t<\/a>\n\t\t\t\t\t<\/div>\n\t\t\t\t\t\t\t<\/div>\n\t\t\t\t\t\t<\/div>\n\t\t\t\t\t\t<\/div>\n\t\t\t\t<\/div>\n\t\t\t\t<div class=\"elementor-element elementor-element-978489d elementor-widget__width-initial elementor-cta--skin-classic elementor-animated-content elementor-bg-transform elementor-bg-transform-zoom-in elementor-widget elementor-widget-call-to-action\" data-id=\"978489d\" data-element_type=\"widget\" data-widget_type=\"call-to-action.default\">\n\t\t\t\t<div class=\"elementor-widget-container\">\n\t\t\t\t\t\t\t<div class=\"elementor-cta\">\n\t\t\t\t\t<div class=\"elementor-cta__bg-wrapper\">\n\t\t\t\t<div class=\"elementor-cta__bg elementor-bg\" style=\"background-image: url(https:\/\/www.ascentria.org\/wp-content\/uploads\/2023\/12\/Teen-Parenting-6-1024x484.png);\" role=\"img\" aria-label=\"Teen-Parenting-(6)\"><\/div>\n\t\t\t\t<div class=\"elementor-cta__bg-overlay\"><\/div>\n\t\t\t<\/div>\n\t\t\t\t\t\t\t<div class=\"elementor-cta__content\">\n\t\t\t\t\n\t\t\t\t\t\t\t\t\t<h2 class=\"elementor-cta__title elementor-cta__content-item elementor-content-item\">\n\t\t\t\t\t\tFaire un don : Aider les voisins \u00e0 atteindre leurs objectifs\t\t\t\t\t<\/h2>\n\t\t\t\t\n\t\t\t\t\t\t\t\t\t<div class=\"elementor-cta__description elementor-cta__content-item elementor-content-item\">\n\t\t\t\t\t\t<p>Votre don aide les personnes et les familles qui participent \u00e0 nos programmes \u00e0 devenir autonomes et confiantes dans leur capacit\u00e9 non seulement \u00e0 relever les d\u00e9fis de la vie, mais aussi \u00e0 s'\u00e9panouir. Nous ne pouvons pas le faire sans vous !  <\/p>\n<p>Votre don \u00e0 Ascentria est d\u00e9ductible d'imp\u00f4t dans la mesure permise par la loi et fera une diff\u00e9rence dans la vie des autres.<\/p>\n\t\t\t\t\t<\/div>\n\t\t\t\t\n\t\t\t\t\t\t\t\t\t<div class=\"elementor-cta__button-wrapper elementor-cta__content-item elementor-content-item \">\n\t\t\t\t\t<a class=\"elementor-cta__button elementor-button elementor-size-\" href=\"https:\/\/www.ascentria.org\/community\/support-our-mission\/donate-today\/\">\n\t\t\t\t\t\tDONER MAINTENANT\t\t\t\t\t<\/a>\n\t\t\t\t\t<\/div>\n\t\t\t\t\t\t\t<\/div>\n\t\t\t\t\t\t<\/div>\n\t\t\t\t\t\t<\/div>\n\t\t\t\t<\/div>\n\t\t\t\t<div class=\"elementor-element elementor-element-59d1bed elementor-widget__width-initial elementor-cta--skin-classic elementor-animated-content elementor-bg-transform elementor-bg-transform-zoom-in elementor-widget elementor-widget-call-to-action\" data-id=\"59d1bed\" data-element_type=\"widget\" data-widget_type=\"call-to-action.default\">\n\t\t\t\t<div class=\"elementor-widget-container\">\n\t\t\t\t\t\t\t<div class=\"elementor-cta\">\n\t\t\t\t\t<div class=\"elementor-cta__bg-wrapper\">\n\t\t\t\t<div class=\"elementor-cta__bg elementor-bg\" style=\"background-image: url(https:\/\/www.ascentria.org\/wp-content\/uploads\/2023\/12\/Donate-Your-Car-1024x577.png);\" role=\"img\" aria-label=\"Donate-Your-Car\"><\/div>\n\t\t\t\t<div class=\"elementor-cta__bg-overlay\"><\/div>\n\t\t\t<\/div>\n\t\t\t\t\t\t\t<div class=\"elementor-cta__content\">\n\t\t\t\t\n\t\t\t\t\t\t\t\t\t<h2 class=\"elementor-cta__title elementor-cta__content-item elementor-content-item\">\n\t\t\t\t\t\tFaites don de votre v\u00e9hicule d'occasion\t\t\t\t\t<\/h2>\n\t\t\t\t\n\t\t\t\t\t\t\t\t\t<div class=\"elementor-cta__description elementor-cta__content-item elementor-content-item\">\n\t\t\t\t\t\t<p>Plus de 5 500 voitures donn\u00e9es ont \u00e9t\u00e9 remises en \u00e9tat et attribu\u00e9es \u00e0 des familles de Nouvelle-Angleterre dans le cadre du programme Good News Garage d'Ascentria.<\/p>\n<p>Notre mission est de cr\u00e9er des opportunit\u00e9s \u00e9conomiques en offrant des options de transport abordables et fiables aux personnes et aux familles \u00e0 faibles revenus.<\/p>\n\t\t\t\t\t<\/div>\n\t\t\t\t\n\t\t\t\t\t\t\t\t\t<div class=\"elementor-cta__button-wrapper elementor-cta__content-item elementor-content-item \">\n\t\t\t\t\t<a class=\"elementor-cta__button elementor-button elementor-size-\" href=\"https:\/\/www.ascentria.org\/service\/good-news-garage\/\">\n\t\t\t\t\t\tEN SAVOIR PLUS\t\t\t\t\t<\/a>\n\t\t\t\t\t<\/div>\n\t\t\t\t\t\t\t<\/div>\n\t\t\t\t\t\t<\/div>\n\t\t\t\t\t\t<\/div>\n\t\t\t\t<\/div>\n\t\t\t\t<div class=\"elementor-element elementor-element-bafdcfb elementor-widget__width-initial elementor-cta--skin-classic elementor-animated-content elementor-bg-transform elementor-bg-transform-zoom-in elementor-widget elementor-widget-call-to-action\" data-id=\"bafdcfb\" data-element_type=\"widget\" data-widget_type=\"call-to-action.default\">\n\t\t\t\t<div class=\"elementor-widget-container\">\n\t\t\t\t\t\t\t<div class=\"elementor-cta\">\n\t\t\t\t\t<div class=\"elementor-cta__bg-wrapper\">\n\t\t\t\t<div class=\"elementor-cta__bg elementor-bg\" style=\"background-image: url(https:\/\/www.ascentria.org\/wp-content\/uploads\/2023\/12\/Ascentria-Children-and-Family-Services-Photos-02.png);\" role=\"img\" aria-label=\"Ascentria-Children-and-Family-Services-Photos-02\"><\/div>\n\t\t\t\t<div class=\"elementor-cta__bg-overlay\"><\/div>\n\t\t\t<\/div>\n\t\t\t\t\t\t\t<div class=\"elementor-cta__content\">\n\t\t\t\t\n\t\t\t\t\t\t\t\t\t<h2 class=\"elementor-cta__title elementor-cta__content-item elementor-content-item\">\n\t\t\t\t\t\tDevenir parent d'accueil\t\t\t\t\t<\/h2>\n\t\t\t\t\n\t\t\t\t\t\t\t\t\t<div class=\"elementor-cta__description elementor-cta__content-item elementor-content-item\">\n\t\t\t\t\t\t<p>Ascentria offre un continuum de programmes communautaires pour les familles, les enfants et les adolescents \u00e0 risque qui construisent et soutiennent des familles fortes et \u00e9panouies. Nous pensons que tous les enfants m\u00e9ritent un foyer permanent, s\u00fbr et aimant. \u00c0 cette fin, nous offrons aux enfants et aux familles un \u00e9ventail de services de soutien, th\u00e9rapeutiques et \u00e9ducatifs qui les aident \u00e0 traverser les transitions difficiles de la vie, dans le but de leur apporter s\u00e9curit\u00e9 et attention, des opportunit\u00e9s de d\u00e9veloppement personnel et social sain, et des ressources qui leur serviront tout au long de leur vie.<\/p>\n\t\t\t\t\t<\/div>\n\t\t\t\t\n\t\t\t\t\t\t\t\t\t<div class=\"elementor-cta__button-wrapper elementor-cta__content-item elementor-content-item \">\n\t\t\t\t\t<a class=\"elementor-cta__button elementor-button elementor-size-\" href=\"https:\/\/www.ascentria.org\/service\/intensive-foster-care\/\">\n\t\t\t\t\t\tEn savoir plus\t\t\t\t\t<\/a>\n\t\t\t\t\t<\/div>\n\t\t\t\t\t\t\t<\/div>\n\t\t\t\t\t\t<\/div>\n\t\t\t\t\t\t<\/div>\n\t\t\t\t<\/div>\n\t\t\t\t\t<\/div>\n\t\t\t\t<\/div>\n\t\t\t\t\t<\/div>\n\t\t\t\t<\/div>\n\t\t\t\t<\/div>\n\t\t","protected":false},"excerpt":{"rendered":"<p>Avez-vous un talent, un int\u00e9r\u00eat ou une expertise que vous aimeriez partager ? Vous \u00eates passionn\u00e9(e) par la promotion du changement ? Vous aimez faire une diff\u00e9rence positive dans la vie des autres ? Si c&rsquo;est le cas, continuez \u00e0 d\u00e9filer pour commencer \u00e0 faire la diff\u00e9rence !  <\/p>\n","protected":false},"author":5,"featured_media":0,"parent":6618,"menu_order":1,"comment_status":"closed","ping_status":"closed","template":"","meta":{"_acf_changed":false,"content-type":"","om_disable_all_campaigns":false,"footnotes":""},"class_list":["post-6699","page","type-page","status-publish","hentry"],"acf":[],"yoast_head":"<!-- This site is optimized with the Yoast SEO Premium plugin v27.5 (Yoast SEO v27.5) - https:\/\/yoast.com\/product\/yoast-seo-premium-wordpress\/ -->\n<title>S&#039;impliquer - Ascentria Care Alliance<\/title>\n<meta name=\"robots\" content=\"index, follow, max-snippet:-1, max-image-preview:large, max-video-preview:-1\" \/>\n<link rel=\"canonical\" href=\"https:\/\/www.ascentria.org\/fr\/communaute\/simpliquer\/\" \/>\n<meta property=\"og:locale\" content=\"fr_FR\" \/>\n<meta property=\"og:type\" content=\"article\" \/>\n<meta property=\"og:title\" content=\"S&#039;impliquer\" \/>\n<meta property=\"og:description\" content=\"Avez-vous un talent, un int\u00e9r\u00eat ou une expertise que vous aimeriez partager ? Vous \u00eates passionn\u00e9(e) par la promotion du changement ? Vous aimez faire une diff\u00e9rence positive dans la vie des autres ? Si c&#039;est le cas, continuez \u00e0 d\u00e9filer pour commencer \u00e0 faire la diff\u00e9rence !\" \/>\n<meta property=\"og:url\" content=\"https:\/\/www.ascentria.org\/fr\/communaute\/simpliquer\/\" \/>\n<meta property=\"og:site_name\" content=\"Ascentria Care Alliance\" \/>\n<meta property=\"article:modified_time\" content=\"2024-07-08T18:08:40+00:00\" \/>\n<meta name=\"twitter:card\" content=\"summary_large_image\" \/>\n<meta name=\"twitter:label1\" content=\"Dur\u00e9e de lecture estim\u00e9e\" \/>\n\t<meta name=\"twitter:data1\" content=\"3 minutes\" \/>\n<script type=\"application\/ld+json\" class=\"yoast-schema-graph\">{\"@context\":\"https:\\\/\\\/schema.org\",\"@graph\":[{\"@type\":\"WebPage\",\"@id\":\"https:\\\/\\\/www.ascentria.org\\\/fr\\\/communaute\\\/simpliquer\\\/\",\"url\":\"https:\\\/\\\/www.ascentria.org\\\/fr\\\/communaute\\\/simpliquer\\\/\",\"name\":\"S'impliquer - Ascentria Care Alliance\",\"isPartOf\":{\"@id\":\"https:\\\/\\\/www.ascentria.org\\\/fr\\\/#website\"},\"datePublished\":\"2023-12-07T17:54:02+00:00\",\"dateModified\":\"2024-07-08T18:08:40+00:00\",\"breadcrumb\":{\"@id\":\"https:\\\/\\\/www.ascentria.org\\\/fr\\\/communaute\\\/simpliquer\\\/#breadcrumb\"},\"inLanguage\":\"fr-FR\",\"potentialAction\":[{\"@type\":\"ReadAction\",\"target\":[\"https:\\\/\\\/www.ascentria.org\\\/fr\\\/communaute\\\/simpliquer\\\/\"]}]},{\"@type\":\"BreadcrumbList\",\"@id\":\"https:\\\/\\\/www.ascentria.org\\\/fr\\\/communaute\\\/simpliquer\\\/#breadcrumb\",\"itemListElement\":[{\"@type\":\"ListItem\",\"position\":1,\"name\":\"Home\",\"item\":\"https:\\\/\\\/www.ascentria.org\\\/fr\\\/\"},{\"@type\":\"ListItem\",\"position\":2,\"name\":\"Communaut\u00e9\",\"item\":\"https:\\\/\\\/www.ascentria.org\\\/fr\\\/communaute\\\/\"},{\"@type\":\"ListItem\",\"position\":3,\"name\":\"S&rsquo;impliquer\"}]},{\"@type\":\"WebSite\",\"@id\":\"https:\\\/\\\/www.ascentria.org\\\/fr\\\/#website\",\"url\":\"https:\\\/\\\/www.ascentria.org\\\/fr\\\/\",\"name\":\"Ascentria Care Alliance\",\"description\":\"\",\"publisher\":{\"@id\":\"https:\\\/\\\/www.ascentria.org\\\/fr\\\/#organization\"},\"potentialAction\":[{\"@type\":\"SearchAction\",\"target\":{\"@type\":\"EntryPoint\",\"urlTemplate\":\"https:\\\/\\\/www.ascentria.org\\\/fr\\\/?s={search_term_string}\"},\"query-input\":{\"@type\":\"PropertyValueSpecification\",\"valueRequired\":true,\"valueName\":\"search_term_string\"}}],\"inLanguage\":\"fr-FR\"},{\"@type\":\"Organization\",\"@id\":\"https:\\\/\\\/www.ascentria.org\\\/fr\\\/#organization\",\"name\":\"Ascentria Care Alliance\",\"url\":\"https:\\\/\\\/www.ascentria.org\\\/fr\\\/\",\"logo\":{\"@type\":\"ImageObject\",\"inLanguage\":\"fr-FR\",\"@id\":\"https:\\\/\\\/www.ascentria.org\\\/fr\\\/#\\\/schema\\\/logo\\\/image\\\/\",\"url\":\"https:\\\/\\\/www.ascentria.org\\\/wp-content\\\/uploads\\\/2023\\\/11\\\/asc-logo-horiz-light.png\",\"contentUrl\":\"https:\\\/\\\/www.ascentria.org\\\/wp-content\\\/uploads\\\/2023\\\/11\\\/asc-logo-horiz-light.png\",\"width\":1534,\"height\":424,\"caption\":\"Ascentria Care Alliance\"},\"image\":{\"@id\":\"https:\\\/\\\/www.ascentria.org\\\/fr\\\/#\\\/schema\\\/logo\\\/image\\\/\"}}]}<\/script>\n<!-- \/ Yoast SEO Premium plugin. -->","yoast_head_json":{"title":"S'impliquer - Ascentria Care Alliance","robots":{"index":"index","follow":"follow","max-snippet":"max-snippet:-1","max-image-preview":"max-image-preview:large","max-video-preview":"max-video-preview:-1"},"canonical":"https:\/\/www.ascentria.org\/fr\/communaute\/simpliquer\/","og_locale":"fr_FR","og_type":"article","og_title":"S'impliquer","og_description":"Avez-vous un talent, un int\u00e9r\u00eat ou une expertise que vous aimeriez partager ? Vous \u00eates passionn\u00e9(e) par la promotion du changement ? Vous aimez faire une diff\u00e9rence positive dans la vie des autres ? Si c'est le cas, continuez \u00e0 d\u00e9filer pour commencer \u00e0 faire la diff\u00e9rence !","og_url":"https:\/\/www.ascentria.org\/fr\/communaute\/simpliquer\/","og_site_name":"Ascentria Care Alliance","article_modified_time":"2024-07-08T18:08:40+00:00","twitter_card":"summary_large_image","twitter_misc":{"Dur\u00e9e de lecture estim\u00e9e":"3 minutes"},"schema":{"@context":"https:\/\/schema.org","@graph":[{"@type":"WebPage","@id":"https:\/\/www.ascentria.org\/fr\/communaute\/simpliquer\/","url":"https:\/\/www.ascentria.org\/fr\/communaute\/simpliquer\/","name":"S'impliquer - Ascentria Care Alliance","isPartOf":{"@id":"https:\/\/www.ascentria.org\/fr\/#website"},"datePublished":"2023-12-07T17:54:02+00:00","dateModified":"2024-07-08T18:08:40+00:00","breadcrumb":{"@id":"https:\/\/www.ascentria.org\/fr\/communaute\/simpliquer\/#breadcrumb"},"inLanguage":"fr-FR","potentialAction":[{"@type":"ReadAction","target":["https:\/\/www.ascentria.org\/fr\/communaute\/simpliquer\/"]}]},{"@type":"BreadcrumbList","@id":"https:\/\/www.ascentria.org\/fr\/communaute\/simpliquer\/#breadcrumb","itemListElement":[{"@type":"ListItem","position":1,"name":"Home","item":"https:\/\/www.ascentria.org\/fr\/"},{"@type":"ListItem","position":2,"name":"Communaut\u00e9","item":"https:\/\/www.ascentria.org\/fr\/communaute\/"},{"@type":"ListItem","position":3,"name":"S&rsquo;impliquer"}]},{"@type":"WebSite","@id":"https:\/\/www.ascentria.org\/fr\/#website","url":"https:\/\/www.ascentria.org\/fr\/","name":"Ascentria Care Alliance","description":"","publisher":{"@id":"https:\/\/www.ascentria.org\/fr\/#organization"},"potentialAction":[{"@type":"SearchAction","target":{"@type":"EntryPoint","urlTemplate":"https:\/\/www.ascentria.org\/fr\/?s={search_term_string}"},"query-input":{"@type":"PropertyValueSpecification","valueRequired":true,"valueName":"search_term_string"}}],"inLanguage":"fr-FR"},{"@type":"Organization","@id":"https:\/\/www.ascentria.org\/fr\/#organization","name":"Ascentria Care Alliance","url":"https:\/\/www.ascentria.org\/fr\/","logo":{"@type":"ImageObject","inLanguage":"fr-FR","@id":"https:\/\/www.ascentria.org\/fr\/#\/schema\/logo\/image\/","url":"https:\/\/www.ascentria.org\/wp-content\/uploads\/2023\/11\/asc-logo-horiz-light.png","contentUrl":"https:\/\/www.ascentria.org\/wp-content\/uploads\/2023\/11\/asc-logo-horiz-light.png","width":1534,"height":424,"caption":"Ascentria Care Alliance"},"image":{"@id":"https:\/\/www.ascentria.org\/fr\/#\/schema\/logo\/image\/"}}]}},"_links":{"self":[{"href":"https:\/\/www.ascentria.org\/fr\/wp-json\/wp\/v2\/pages\/6699","targetHints":{"allow":["GET"]}}],"collection":[{"href":"https:\/\/www.ascentria.org\/fr\/wp-json\/wp\/v2\/pages"}],"about":[{"href":"https:\/\/www.ascentria.org\/fr\/wp-json\/wp\/v2\/types\/page"}],"author":[{"embeddable":true,"href":"https:\/\/www.ascentria.org\/fr\/wp-json\/wp\/v2\/users\/5"}],"replies":[{"embeddable":true,"href":"https:\/\/www.ascentria.org\/fr\/wp-json\/wp\/v2\/comments?post=6699"}],"version-history":[{"count":0,"href":"https:\/\/www.ascentria.org\/fr\/wp-json\/wp\/v2\/pages\/6699\/revisions"}],"up":[{"embeddable":true,"href":"https:\/\/www.ascentria.org\/fr\/wp-json\/wp\/v2\/pages\/6618"}],"wp:attachment":[{"href":"https:\/\/www.ascentria.org\/fr\/wp-json\/wp\/v2\/media?parent=6699"}],"curies":[{"name":"wp","href":"https:\/\/api.w.org\/{rel}","templated":true}]}}