{"id":6823,"date":"2023-12-11T15:12:31","date_gmt":"2023-12-11T20:12:31","guid":{"rendered":"https:\/\/ascentriacaprd.wpenginepowered.com\/faire-un-don-de-voiture\/"},"modified":"2023-12-11T15:12:31","modified_gmt":"2023-12-11T20:12:31","slug":"faire-un-don-de-voiture","status":"publish","type":"page","link":"https:\/\/www.ascentria.org\/fr\/communaute\/soutenir-notre-mission\/faire-un-don-de-voiture\/","title":{"rendered":"Faire un don de voiture"},"content":{"rendered":"","protected":false},"excerpt":{"rendered":"<p>Plus de 5 500 voitures donn\u00e9es ont \u00e9t\u00e9 remises en \u00e9tat et attribu\u00e9es \u00e0 des familles de Nouvelle-Angleterre dans le cadre du programme Good News Garage d&rsquo;Ascentria.<\/p>\n","protected":false},"author":5,"featured_media":0,"parent":6844,"menu_order":3,"comment_status":"closed","ping_status":"closed","template":"","meta":{"_acf_changed":false,"content-type":"","om_disable_all_campaigns":false,"footnotes":""},"class_list":["post-6823","page","type-page","status-publish","hentry"],"acf":[],"yoast_head":"<!-- This site is optimized with the Yoast SEO Premium plugin v27.2 (Yoast SEO v27.2) - https:\/\/yoast.com\/product\/yoast-seo-premium-wordpress\/ -->\n<title>Faire un don de voiture - Ascentria Care Alliance<\/title>\n<meta name=\"robots\" content=\"index, follow, max-snippet:-1, max-image-preview:large, max-video-preview:-1\" \/>\n<link rel=\"canonical\" href=\"https:\/\/www.ascentria.org\/fr\/communaute\/soutenir-notre-mission\/faire-un-don-de-voiture\/\" \/>\n<meta property=\"og:locale\" content=\"fr_FR\" \/>\n<meta property=\"og:type\" content=\"article\" \/>\n<meta property=\"og:title\" content=\"Faire un don de voiture\" \/>\n<meta property=\"og:description\" content=\"Plus de 5 500 voitures donn\u00e9es ont \u00e9t\u00e9 remises en \u00e9tat et attribu\u00e9es \u00e0 des familles de Nouvelle-Angleterre dans le cadre du programme Good News Garage d&#039;Ascentria.\" \/>\n<meta property=\"og:url\" content=\"https:\/\/www.ascentria.org\/fr\/communaute\/soutenir-notre-mission\/faire-un-don-de-voiture\/\" \/>\n<meta property=\"og:site_name\" content=\"Ascentria Care Alliance\" \/>\n<meta name=\"twitter:card\" content=\"summary_large_image\" \/>\n<script type=\"application\/ld+json\" class=\"yoast-schema-graph\">{\"@context\":\"https:\/\/schema.org\",\"@graph\":[{\"@type\":\"WebPage\",\"@id\":\"https:\/\/www.ascentria.org\/fr\/communaute\/soutenir-notre-mission\/faire-un-don-de-voiture\/\",\"url\":\"https:\/\/www.ascentria.org\/fr\/communaute\/soutenir-notre-mission\/faire-un-don-de-voiture\/\",\"name\":\"Faire un don de voiture - Ascentria Care Alliance\",\"isPartOf\":{\"@id\":\"https:\/\/www.ascentria.org\/fr\/#website\"},\"datePublished\":\"2023-12-11T20:12:31+00:00\",\"breadcrumb\":{\"@id\":\"https:\/\/www.ascentria.org\/fr\/communaute\/soutenir-notre-mission\/faire-un-don-de-voiture\/#breadcrumb\"},\"inLanguage\":\"fr-FR\",\"potentialAction\":[{\"@type\":\"ReadAction\",\"target\":[\"https:\/\/www.ascentria.org\/fr\/communaute\/soutenir-notre-mission\/faire-un-don-de-voiture\/\"]}]},{\"@type\":\"BreadcrumbList\",\"@id\":\"https:\/\/www.ascentria.org\/fr\/communaute\/soutenir-notre-mission\/faire-un-don-de-voiture\/#breadcrumb\",\"itemListElement\":[{\"@type\":\"ListItem\",\"position\":1,\"name\":\"Home\",\"item\":\"https:\/\/www.ascentria.org\/fr\/\"},{\"@type\":\"ListItem\",\"position\":2,\"name\":\"Communaut\u00e9\",\"item\":\"https:\/\/www.ascentria.org\/fr\/communaute\/\"},{\"@type\":\"ListItem\",\"position\":3,\"name\":\"Soutenir notre mission\",\"item\":\"https:\/\/www.ascentria.org\/fr\/community\/support-our-mission\/\"},{\"@type\":\"ListItem\",\"position\":4,\"name\":\"Faire un don de voiture\"}]},{\"@type\":\"WebSite\",\"@id\":\"https:\/\/www.ascentria.org\/fr\/#website\",\"url\":\"https:\/\/www.ascentria.org\/fr\/\",\"name\":\"Ascentria Care Alliance\",\"description\":\"\",\"publisher\":{\"@id\":\"https:\/\/www.ascentria.org\/fr\/#organization\"},\"potentialAction\":[{\"@type\":\"SearchAction\",\"target\":{\"@type\":\"EntryPoint\",\"urlTemplate\":\"https:\/\/www.ascentria.org\/fr\/?s={search_term_string}\"},\"query-input\":{\"@type\":\"PropertyValueSpecification\",\"valueRequired\":true,\"valueName\":\"search_term_string\"}}],\"inLanguage\":\"fr-FR\"},{\"@type\":\"Organization\",\"@id\":\"https:\/\/www.ascentria.org\/fr\/#organization\",\"name\":\"Ascentria Care Alliance\",\"url\":\"https:\/\/www.ascentria.org\/fr\/\",\"logo\":{\"@type\":\"ImageObject\",\"inLanguage\":\"fr-FR\",\"@id\":\"https:\/\/www.ascentria.org\/fr\/#\/schema\/logo\/image\/\",\"url\":\"https:\/\/www.ascentria.org\/wp-content\/uploads\/2023\/11\/asc-logo-horiz-light.png\",\"contentUrl\":\"https:\/\/www.ascentria.org\/wp-content\/uploads\/2023\/11\/asc-logo-horiz-light.png\",\"width\":1534,\"height\":424,\"caption\":\"Ascentria Care Alliance\"},\"image\":{\"@id\":\"https:\/\/www.ascentria.org\/fr\/#\/schema\/logo\/image\/\"}}]}<\/script>\n<!-- \/ Yoast SEO Premium plugin. -->","yoast_head_json":{"title":"Faire un don de voiture - Ascentria Care Alliance","robots":{"index":"index","follow":"follow","max-snippet":"max-snippet:-1","max-image-preview":"max-image-preview:large","max-video-preview":"max-video-preview:-1"},"canonical":"https:\/\/www.ascentria.org\/fr\/communaute\/soutenir-notre-mission\/faire-un-don-de-voiture\/","og_locale":"fr_FR","og_type":"article","og_title":"Faire un don de voiture","og_description":"Plus de 5 500 voitures donn\u00e9es ont \u00e9t\u00e9 remises en \u00e9tat et attribu\u00e9es \u00e0 des familles de Nouvelle-Angleterre dans le cadre du programme Good News Garage d'Ascentria.","og_url":"https:\/\/www.ascentria.org\/fr\/communaute\/soutenir-notre-mission\/faire-un-don-de-voiture\/","og_site_name":"Ascentria Care Alliance","twitter_card":"summary_large_image","schema":{"@context":"https:\/\/schema.org","@graph":[{"@type":"WebPage","@id":"https:\/\/www.ascentria.org\/fr\/communaute\/soutenir-notre-mission\/faire-un-don-de-voiture\/","url":"https:\/\/www.ascentria.org\/fr\/communaute\/soutenir-notre-mission\/faire-un-don-de-voiture\/","name":"Faire un don de voiture - Ascentria Care Alliance","isPartOf":{"@id":"https:\/\/www.ascentria.org\/fr\/#website"},"datePublished":"2023-12-11T20:12:31+00:00","breadcrumb":{"@id":"https:\/\/www.ascentria.org\/fr\/communaute\/soutenir-notre-mission\/faire-un-don-de-voiture\/#breadcrumb"},"inLanguage":"fr-FR","potentialAction":[{"@type":"ReadAction","target":["https:\/\/www.ascentria.org\/fr\/communaute\/soutenir-notre-mission\/faire-un-don-de-voiture\/"]}]},{"@type":"BreadcrumbList","@id":"https:\/\/www.ascentria.org\/fr\/communaute\/soutenir-notre-mission\/faire-un-don-de-voiture\/#breadcrumb","itemListElement":[{"@type":"ListItem","position":1,"name":"Home","item":"https:\/\/www.ascentria.org\/fr\/"},{"@type":"ListItem","position":2,"name":"Communaut\u00e9","item":"https:\/\/www.ascentria.org\/fr\/communaute\/"},{"@type":"ListItem","position":3,"name":"Soutenir notre mission","item":"https:\/\/www.ascentria.org\/fr\/community\/support-our-mission\/"},{"@type":"ListItem","position":4,"name":"Faire un don de voiture"}]},{"@type":"WebSite","@id":"https:\/\/www.ascentria.org\/fr\/#website","url":"https:\/\/www.ascentria.org\/fr\/","name":"Ascentria Care Alliance","description":"","publisher":{"@id":"https:\/\/www.ascentria.org\/fr\/#organization"},"potentialAction":[{"@type":"SearchAction","target":{"@type":"EntryPoint","urlTemplate":"https:\/\/www.ascentria.org\/fr\/?s={search_term_string}"},"query-input":{"@type":"PropertyValueSpecification","valueRequired":true,"valueName":"search_term_string"}}],"inLanguage":"fr-FR"},{"@type":"Organization","@id":"https:\/\/www.ascentria.org\/fr\/#organization","name":"Ascentria Care Alliance","url":"https:\/\/www.ascentria.org\/fr\/","logo":{"@type":"ImageObject","inLanguage":"fr-FR","@id":"https:\/\/www.ascentria.org\/fr\/#\/schema\/logo\/image\/","url":"https:\/\/www.ascentria.org\/wp-content\/uploads\/2023\/11\/asc-logo-horiz-light.png","contentUrl":"https:\/\/www.ascentria.org\/wp-content\/uploads\/2023\/11\/asc-logo-horiz-light.png","width":1534,"height":424,"caption":"Ascentria Care Alliance"},"image":{"@id":"https:\/\/www.ascentria.org\/fr\/#\/schema\/logo\/image\/"}}]}},"_links":{"self":[{"href":"https:\/\/www.ascentria.org\/fr\/wp-json\/wp\/v2\/pages\/6823","targetHints":{"allow":["GET"]}}],"collection":[{"href":"https:\/\/www.ascentria.org\/fr\/wp-json\/wp\/v2\/pages"}],"about":[{"href":"https:\/\/www.ascentria.org\/fr\/wp-json\/wp\/v2\/types\/page"}],"author":[{"embeddable":true,"href":"https:\/\/www.ascentria.org\/fr\/wp-json\/wp\/v2\/users\/5"}],"replies":[{"embeddable":true,"href":"https:\/\/www.ascentria.org\/fr\/wp-json\/wp\/v2\/comments?post=6823"}],"version-history":[{"count":0,"href":"https:\/\/www.ascentria.org\/fr\/wp-json\/wp\/v2\/pages\/6823\/revisions"}],"up":[{"embeddable":true,"href":"https:\/\/www.ascentria.org\/fr\/wp-json\/wp\/v2\/pages\/6844"}],"wp:attachment":[{"href":"https:\/\/www.ascentria.org\/fr\/wp-json\/wp\/v2\/media?parent=6823"}],"curies":[{"name":"wp","href":"https:\/\/api.w.org\/{rel}","templated":true}]}}