{"id":7050,"date":"2023-11-03T13:26:16","date_gmt":"2023-11-03T17:26:16","guid":{"rendered":"https:\/\/ascentriacaprd.wpenginepowered.com\/communaute\/simpliquer\/benevole\/"},"modified":"2024-07-08T14:07:57","modified_gmt":"2024-07-08T18:07:57","slug":"benevole","status":"publish","type":"page","link":"https:\/\/www.ascentria.org\/fr\/communaute\/simpliquer\/benevole\/","title":{"rendered":"B\u00e9n\u00e9vole"},"content":{"rendered":"\t\t<div data-elementor-type=\"wp-page\" data-elementor-id=\"7050\" class=\"elementor elementor-7050 elementor-168\" data-elementor-post-type=\"page\">\n\t\t\t\t<div class=\"elementor-element elementor-element-1473d469 elementor-hidden-mobile e-flex e-con-boxed e-con e-parent\" data-id=\"1473d469\" data-element_type=\"container\">\n\t\t\t\t\t<div class=\"e-con-inner\">\n\t\t\t\t<div class=\"elementor-element elementor-element-727efbd1 elementor-widget elementor-widget-breadcrumbs\" data-id=\"727efbd1\" data-element_type=\"widget\" data-widget_type=\"breadcrumbs.default\">\n\t\t\t\t<div class=\"elementor-widget-container\">\n\t\t\t\t\t<p id=\"breadcrumbs\"><span><span><a href=\"https:\/\/www.ascentria.org\/fr\/\">Home<\/a><\/span><\/span><\/p>\t\t\t\t<\/div>\n\t\t\t\t<\/div>\n\t\t\t\t\t<\/div>\n\t\t\t\t<\/div>\n\t\t<div class=\"elementor-element elementor-element-7fe4133 e-con-full e-flex e-con e-parent\" data-id=\"7fe4133\" data-element_type=\"container\" data-settings=\"{&quot;background_background&quot;:&quot;classic&quot;}\">\n\t\t<div class=\"elementor-element elementor-element-303d544 e-con-full e-flex elementor-invisible e-con e-child\" data-id=\"303d544\" data-element_type=\"container\" data-settings=\"{&quot;animation&quot;:&quot;fadeInLeft&quot;}\">\n\t\t<div class=\"elementor-element elementor-element-6231d809 e-con-full e-flex e-con e-child\" data-id=\"6231d809\" data-element_type=\"container\">\n\t\t\t\t<div class=\"elementor-element elementor-element-75698539 elementor-widget elementor-widget-heading\" data-id=\"75698539\" data-element_type=\"widget\" data-widget_type=\"heading.default\">\n\t\t\t\t<div class=\"elementor-widget-container\">\n\t\t\t\t\t<h2 class=\"elementor-heading-title elementor-size-default\">La force des gens<\/h2>\t\t\t\t<\/div>\n\t\t\t\t<\/div>\n\t\t\t\t<div class=\"elementor-element elementor-element-6f1b3c18 elementor-widget elementor-widget-spacer\" data-id=\"6f1b3c18\" data-element_type=\"widget\" data-widget_type=\"spacer.default\">\n\t\t\t\t<div class=\"elementor-widget-container\">\n\t\t\t\t\t\t\t<div class=\"elementor-spacer\">\n\t\t\t<div class=\"elementor-spacer-inner\"><\/div>\n\t\t<\/div>\n\t\t\t\t\t\t<\/div>\n\t\t\t\t<\/div>\n\t\t\t\t<div class=\"elementor-element elementor-element-59fab798 elementor-widget elementor-widget-heading\" data-id=\"59fab798\" data-element_type=\"widget\" data-widget_type=\"heading.default\">\n\t\t\t\t<div class=\"elementor-widget-container\">\n\t\t\t\t\t<h1 class=\"elementor-heading-title elementor-size-default\">B\u00e9n\u00e9vole avec Ascentria<\/h1>\t\t\t\t<\/div>\n\t\t\t\t<\/div>\n\t\t\t\t<div class=\"elementor-element elementor-element-4df9a31f elementor-widget elementor-widget-spacer\" data-id=\"4df9a31f\" data-element_type=\"widget\" data-widget_type=\"spacer.default\">\n\t\t\t\t<div class=\"elementor-widget-container\">\n\t\t\t\t\t\t\t<div class=\"elementor-spacer\">\n\t\t\t<div class=\"elementor-spacer-inner\"><\/div>\n\t\t<\/div>\n\t\t\t\t\t\t<\/div>\n\t\t\t\t<\/div>\n\t\t\t\t<div class=\"elementor-element elementor-element-73ebcb8c elementor-widget-divider--view-line elementor-widget elementor-widget-divider\" data-id=\"73ebcb8c\" data-element_type=\"widget\" data-widget_type=\"divider.default\">\n\t\t\t\t<div class=\"elementor-widget-container\">\n\t\t\t\t\t\t\t<div class=\"elementor-divider\">\n\t\t\t<span class=\"elementor-divider-separator\">\n\t\t\t\t\t\t<\/span>\n\t\t<\/div>\n\t\t\t\t\t\t<\/div>\n\t\t\t\t<\/div>\n\t\t\t\t<div class=\"elementor-element elementor-element-c053010 elementor-widget elementor-widget-spacer\" data-id=\"c053010\" data-element_type=\"widget\" data-widget_type=\"spacer.default\">\n\t\t\t\t<div class=\"elementor-widget-container\">\n\t\t\t\t\t\t\t<div class=\"elementor-spacer\">\n\t\t\t<div class=\"elementor-spacer-inner\"><\/div>\n\t\t<\/div>\n\t\t\t\t\t\t<\/div>\n\t\t\t\t<\/div>\n\t\t\t\t<div class=\"elementor-element elementor-element-63727bb2 elementor-widget__width-initial elementor-widget elementor-widget-text-editor\" data-id=\"63727bb2\" data-element_type=\"widget\" data-widget_type=\"text-editor.default\">\n\t\t\t\t<div class=\"elementor-widget-container\">\n\t\t\t\t\t\t\t\t\t<p>Notre travail ne serait pas possible sans le soutien des b\u00e9n\u00e9voles et des membres de la communaut\u00e9 dans toute la Nouvelle-Angleterre ! Nous offrons une vari\u00e9t\u00e9 d&rsquo;opportunit\u00e9s de b\u00e9n\u00e9volat pour les b\u00e9n\u00e9voles individuels, les organisations et un nouveau mod\u00e8le de b\u00e9n\u00e9volat innovant appel\u00e9 Neighborhood Support Teams (\u00e9quipes de soutien de quartier).<\/p>\n\t\t\t\t\t\t\t\t<\/div>\n\t\t\t\t<\/div>\n\t\t\t\t<div class=\"elementor-element elementor-element-7efae1a5 elementor-widget elementor-widget-spacer\" data-id=\"7efae1a5\" data-element_type=\"widget\" data-widget_type=\"spacer.default\">\n\t\t\t\t<div class=\"elementor-widget-container\">\n\t\t\t\t\t\t\t<div class=\"elementor-spacer\">\n\t\t\t<div class=\"elementor-spacer-inner\"><\/div>\n\t\t<\/div>\n\t\t\t\t\t\t<\/div>\n\t\t\t\t<\/div>\n\t\t\t\t<div class=\"elementor-element elementor-element-341e187d elementor-widget elementor-widget-button\" data-id=\"341e187d\" data-element_type=\"widget\" data-widget_type=\"button.default\">\n\t\t\t\t<div class=\"elementor-widget-container\">\n\t\t\t\t\t\t\t\t\t<div class=\"elementor-button-wrapper\">\n\t\t\t\t\t<a class=\"elementor-button elementor-button-link elementor-size-xs\" href=\"#Form\">\n\t\t\t\t\t\t<span class=\"elementor-button-content-wrapper\">\n\t\t\t\t\t\t\t\t\t<span class=\"elementor-button-text\">Demander aujourd'hui<\/span>\n\t\t\t\t\t<\/span>\n\t\t\t\t\t<\/a>\n\t\t\t\t<\/div>\n\t\t\t\t\t\t\t\t<\/div>\n\t\t\t\t<\/div>\n\t\t\t\t<\/div>\n\t\t\t\t<\/div>\n\t\t<div class=\"elementor-element elementor-element-317af8f1 e-con-full e-flex e-con e-child\" data-id=\"317af8f1\" data-element_type=\"container\">\n\t\t\t\t<div class=\"elementor-element elementor-element-3a81830b elementor-widget elementor-widget-image\" data-id=\"3a81830b\" data-element_type=\"widget\" data-widget_type=\"image.default\">\n\t\t\t\t<div class=\"elementor-widget-container\">\n\t\t\t\t\t\t\t\t\t\t\t\t\t\t\t<img fetchpriority=\"high\" decoding=\"async\" width=\"800\" height=\"534\" src=\"https:\/\/www.ascentria.org\/wp-content\/uploads\/2023\/12\/2020-10-21-14_11_59-Photos-1024x683.png\" class=\"attachment-large size-large wp-image-3023\" alt=\"\" srcset=\"https:\/\/www.ascentria.org\/wp-content\/uploads\/2023\/12\/2020-10-21-14_11_59-Photos-1024x683.png 1024w, https:\/\/www.ascentria.org\/wp-content\/uploads\/2023\/12\/2020-10-21-14_11_59-Photos-300x200.png 300w, https:\/\/www.ascentria.org\/wp-content\/uploads\/2023\/12\/2020-10-21-14_11_59-Photos-768x512.png 768w, https:\/\/www.ascentria.org\/wp-content\/uploads\/2023\/12\/2020-10-21-14_11_59-Photos.png 1307w\" sizes=\"(max-width: 800px) 100vw, 800px\" \/>\t\t\t\t\t\t\t\t\t\t\t\t\t\t\t<\/div>\n\t\t\t\t<\/div>\n\t\t\t\t<\/div>\n\t\t\t\t<\/div>\n\t\t<div class=\"elementor-element elementor-element-31e2bdcf e-flex e-con-boxed e-con e-parent\" data-id=\"31e2bdcf\" data-element_type=\"container\">\n\t\t\t\t\t<div class=\"e-con-inner\">\n\t\t<div class=\"elementor-element elementor-element-327417da e-con-full e-flex e-con e-child\" data-id=\"327417da\" data-element_type=\"container\" data-settings=\"{&quot;background_background&quot;:&quot;classic&quot;}\">\n\t\t\t\t<div class=\"elementor-element elementor-element-3065774 elementor-widget elementor-widget-menu-anchor\" data-id=\"3065774\" data-element_type=\"widget\" data-widget_type=\"menu-anchor.default\">\n\t\t\t\t<div class=\"elementor-widget-container\">\n\t\t\t\t\t\t\t<div class=\"elementor-menu-anchor\" id=\"Formulaire\"><\/div>\n\t\t\t\t\t\t<\/div>\n\t\t\t\t<\/div>\n\t\t\t\t<div class=\"elementor-element elementor-element-897c907 elementor-widget elementor-widget-html\" data-id=\"897c907\" data-element_type=\"widget\" data-widget_type=\"html.default\">\n\t\t\t\t<div class=\"elementor-widget-container\">\n\t\t\t\t\t<script type=\"text\/javascript\" src=\"https:\/\/form.jotform.com\/jsform\/233414684151150\"><\/script>\t\t\t\t<\/div>\n\t\t\t\t<\/div>\n\t\t\t\t<\/div>\n\t\t<div class=\"elementor-element elementor-element-2b1a779c e-con-full e-flex e-con e-child\" data-id=\"2b1a779c\" data-element_type=\"container\" data-settings=\"{&quot;background_background&quot;:&quot;classic&quot;}\">\n\t\t\t\t<div class=\"elementor-element elementor-element-1928324 elementor-widget elementor-widget-spacer\" data-id=\"1928324\" data-element_type=\"widget\" data-widget_type=\"spacer.default\">\n\t\t\t\t<div class=\"elementor-widget-container\">\n\t\t\t\t\t\t\t<div class=\"elementor-spacer\">\n\t\t\t<div class=\"elementor-spacer-inner\"><\/div>\n\t\t<\/div>\n\t\t\t\t\t\t<\/div>\n\t\t\t\t<\/div>\n\t\t\t\t<div class=\"elementor-element elementor-element-33d2f605 elementor-widget elementor-widget-heading\" data-id=\"33d2f605\" data-element_type=\"widget\" data-widget_type=\"heading.default\">\n\t\t\t\t<div class=\"elementor-widget-container\">\n\t\t\t\t\t<p class=\"elementor-heading-title elementor-size-default\">Questions fr\u00e9quemment pos\u00e9es<\/p>\t\t\t\t<\/div>\n\t\t\t\t<\/div>\n\t\t\t\t<div class=\"elementor-element elementor-element-73c65b6c elementor-widget elementor-widget-accordion\" data-id=\"73c65b6c\" data-element_type=\"widget\" data-widget_type=\"accordion.default\">\n\t\t\t\t<div class=\"elementor-widget-container\">\n\t\t\t\t\t\t\t<div class=\"elementor-accordion\">\n\t\t\t\t\t\t\t<div class=\"elementor-accordion-item\">\n\t\t\t\t\t<div id=\"elementor-tab-title-1941\" class=\"elementor-tab-title\" data-tab=\"1\" role=\"button\" aria-controls=\"elementor-tab-content-1941\" aria-expanded=\"false\">\n\t\t\t\t\t\t\t\t\t\t\t\t\t<span class=\"elementor-accordion-icon elementor-accordion-icon-right\" aria-hidden=\"true\">\n\t\t\t\t\t\t\t\t\t\t\t\t\t\t\t<span class=\"elementor-accordion-icon-closed\"><svg class=\"e-font-icon-svg e-fas-caret-down\" viewBox=\"0 0 320 512\" xmlns=\"http:\/\/www.w3.org\/2000\/svg\"><path d=\"M31.3 192h257.3c17.8 0 26.7 21.5 14.1 34.1L174.1 354.8c-7.8 7.8-20.5 7.8-28.3 0L17.2 226.1C4.6 213.5 13.5 192 31.3 192z\"><\/path><\/svg><\/span>\n\t\t\t\t\t\t\t\t<span class=\"elementor-accordion-icon-opened\"><svg class=\"e-font-icon-svg e-fas-caret-up\" viewBox=\"0 0 320 512\" xmlns=\"http:\/\/www.w3.org\/2000\/svg\"><path d=\"M288.662 352H31.338c-17.818 0-26.741-21.543-14.142-34.142l128.662-128.662c7.81-7.81 20.474-7.81 28.284 0l128.662 128.662c12.6 12.599 3.676 34.142-14.142 34.142z\"><\/path><\/svg><\/span>\n\t\t\t\t\t\t\t\t\t\t\t\t\t\t<\/span>\n\t\t\t\t\t\t\t\t\t\t\t\t<a class=\"elementor-accordion-title\" tabindex=\"0\">Quelles sont les possibilit\u00e9s de b\u00e9n\u00e9volat ?<\/a>\n\t\t\t\t\t<\/div>\n\t\t\t\t\t<div id=\"elementor-tab-content-1941\" class=\"elementor-tab-content elementor-clearfix\" data-tab=\"1\" role=\"region\" aria-labelledby=\"elementor-tab-title-1941\"><div>\n<div id=\"p_lt_ctl06_pageplaceholder_p_lt_ctl04_AccordionLayout1_pane3_content\" class=\"Accordion Layout Zone\">Il existe de nombreuses possibilit\u00e9s de service dans toute la Nouvelle-Angleterre. Il peut s&rsquo;agir d&rsquo;opportunit\u00e9s ponctuelles, de projets permanents, de projets de groupe, d&rsquo;opportunit\u00e9s individuelles, de stages, de fourniture de biens et de services n\u00e9cessaires, de participation \u00e0 des conseils consultatifs, de collecte de fonds, de coordination de collectes de dons, d&rsquo;activit\u00e9s de plaidoyer, etc.<\/div>\n<\/div>\n<\/div>\n\t\t\t\t<\/div>\n\t\t\t\t\t\t\t<div class=\"elementor-accordion-item\">\n\t\t\t\t\t<div id=\"elementor-tab-title-1942\" class=\"elementor-tab-title\" data-tab=\"2\" role=\"button\" aria-controls=\"elementor-tab-content-1942\" aria-expanded=\"false\">\n\t\t\t\t\t\t\t\t\t\t\t\t\t<span class=\"elementor-accordion-icon elementor-accordion-icon-right\" aria-hidden=\"true\">\n\t\t\t\t\t\t\t\t\t\t\t\t\t\t\t<span class=\"elementor-accordion-icon-closed\"><svg class=\"e-font-icon-svg e-fas-caret-down\" viewBox=\"0 0 320 512\" xmlns=\"http:\/\/www.w3.org\/2000\/svg\"><path d=\"M31.3 192h257.3c17.8 0 26.7 21.5 14.1 34.1L174.1 354.8c-7.8 7.8-20.5 7.8-28.3 0L17.2 226.1C4.6 213.5 13.5 192 31.3 192z\"><\/path><\/svg><\/span>\n\t\t\t\t\t\t\t\t<span class=\"elementor-accordion-icon-opened\"><svg class=\"e-font-icon-svg e-fas-caret-up\" viewBox=\"0 0 320 512\" xmlns=\"http:\/\/www.w3.org\/2000\/svg\"><path d=\"M288.662 352H31.338c-17.818 0-26.741-21.543-14.142-34.142l128.662-128.662c7.81-7.81 20.474-7.81 28.284 0l128.662 128.662c12.6 12.599 3.676 34.142-14.142 34.142z\"><\/path><\/svg><\/span>\n\t\t\t\t\t\t\t\t\t\t\t\t\t\t<\/span>\n\t\t\t\t\t\t\t\t\t\t\t\t<a class=\"elementor-accordion-title\" tabindex=\"0\">Et s'il n'y a pas d'opportunit\u00e9s pr\u00e8s de chez moi ?<\/a>\n\t\t\t\t\t<\/div>\n\t\t\t\t\t<div id=\"elementor-tab-content-1942\" class=\"elementor-tab-content elementor-clearfix\" data-tab=\"2\" role=\"region\" aria-labelledby=\"elementor-tab-title-1942\"><div>\n<div id=\"p_lt_ctl06_pageplaceholder_p_lt_ctl04_AccordionLayout1_pane5_content\" class=\"Accordion Layout Zone\">Si vous n&rsquo;habitez pas \u00e0 proximit\u00e9 d&rsquo;un site Ascentria, de nombreux projets de b\u00e9n\u00e9volat peuvent \u00eatre r\u00e9alis\u00e9s \u00e0 distance ou dans votre lieu de r\u00e9union, votre entreprise ou votre domicile.<\/div>\n<\/div>\n<\/div>\n\t\t\t\t<\/div>\n\t\t\t\t\t\t\t<div class=\"elementor-accordion-item\">\n\t\t\t\t\t<div id=\"elementor-tab-title-1943\" class=\"elementor-tab-title\" data-tab=\"3\" role=\"button\" aria-controls=\"elementor-tab-content-1943\" aria-expanded=\"false\">\n\t\t\t\t\t\t\t\t\t\t\t\t\t<span class=\"elementor-accordion-icon elementor-accordion-icon-right\" aria-hidden=\"true\">\n\t\t\t\t\t\t\t\t\t\t\t\t\t\t\t<span class=\"elementor-accordion-icon-closed\"><svg class=\"e-font-icon-svg e-fas-caret-down\" viewBox=\"0 0 320 512\" xmlns=\"http:\/\/www.w3.org\/2000\/svg\"><path d=\"M31.3 192h257.3c17.8 0 26.7 21.5 14.1 34.1L174.1 354.8c-7.8 7.8-20.5 7.8-28.3 0L17.2 226.1C4.6 213.5 13.5 192 31.3 192z\"><\/path><\/svg><\/span>\n\t\t\t\t\t\t\t\t<span class=\"elementor-accordion-icon-opened\"><svg class=\"e-font-icon-svg e-fas-caret-up\" viewBox=\"0 0 320 512\" xmlns=\"http:\/\/www.w3.org\/2000\/svg\"><path d=\"M288.662 352H31.338c-17.818 0-26.741-21.543-14.142-34.142l128.662-128.662c7.81-7.81 20.474-7.81 28.284 0l128.662 128.662c12.6 12.599 3.676 34.142-14.142 34.142z\"><\/path><\/svg><\/span>\n\t\t\t\t\t\t\t\t\t\t\t\t\t\t<\/span>\n\t\t\t\t\t\t\t\t\t\t\t\t<a class=\"elementor-accordion-title\" tabindex=\"0\">Comment se d\u00e9roule la proc\u00e9dure de candidature ?<\/a>\n\t\t\t\t\t<\/div>\n\t\t\t\t\t<div id=\"elementor-tab-content-1943\" class=\"elementor-tab-content elementor-clearfix\" data-tab=\"3\" role=\"region\" aria-labelledby=\"elementor-tab-title-1943\"><div>\n<div id=\"p_lt_ctl06_pageplaceholder_p_lt_ctl04_AccordionLayout1_pane4_content\" class=\"Accordion Layout Zone\">Une fois que vous aurez identifi\u00e9 avec un membre du personnel une opportunit\u00e9 correspondant \u00e0 votre d\u00e9sir de servir, il vous sera demand\u00e9 de prendre rendez-vous pour un entretien et de remplir un formulaire de candidature. Si la mission implique de travailler avec des clients, des dossiers personnels, des dossiers d&rsquo;affaires ou d&rsquo;autres informations organisationnelles sensibles, vous devrez \u00e9galement faire l&rsquo;objet d&rsquo;une v\u00e9rification de vos ant\u00e9c\u00e9dents criminels. Si la mission implique la conduite d&rsquo;un v\u00e9hicule, il vous sera demand\u00e9 de fournir une preuve d&rsquo;assurance automobile et de consentir \u00e0 une v\u00e9rification de votre dossier de conduite.<\/div>\n<\/div>\n<\/div>\n\t\t\t\t<\/div>\n\t\t\t\t\t\t\t\t<\/div>\n\t\t\t\t\t\t<\/div>\n\t\t\t\t<\/div>\n\t\t\t\t<\/div>\n\t\t\t\t\t<\/div>\n\t\t\t\t<\/div>\n\t\t\t\t<\/div>\n\t\t","protected":false},"excerpt":{"rendered":"<p>Il existe une vari\u00e9t\u00e9 de possibilit\u00e9s de b\u00e9n\u00e9volat dans les \u00e9tablissements de l&rsquo;Ascentria Care Alliance dans toute la Nouvelle-Angleterre. Vous pouvez choisir d&rsquo;\u00eatre b\u00e9n\u00e9vole au sein d&rsquo;un groupe ou en tant qu&rsquo;individu, de mani\u00e8re continue ou ponctuelle.  <\/p>\n","protected":false},"author":4,"featured_media":2579,"parent":6699,"menu_order":2,"comment_status":"closed","ping_status":"closed","template":"","meta":{"_acf_changed":false,"content-type":"","om_disable_all_campaigns":false,"footnotes":""},"class_list":["post-7050","page","type-page","status-publish","has-post-thumbnail","hentry"],"acf":[],"yoast_head":"<!-- This site is optimized with the Yoast SEO Premium plugin v27.4 (Yoast SEO v27.4) - https:\/\/yoast.com\/product\/yoast-seo-premium-wordpress\/ -->\n<title>B\u00e9n\u00e9vole - Ascentria Care Alliance<\/title>\n<meta name=\"robots\" content=\"index, follow, max-snippet:-1, max-image-preview:large, max-video-preview:-1\" \/>\n<link rel=\"canonical\" href=\"https:\/\/www.ascentria.org\/fr\/communaute\/simpliquer\/benevole\/\" \/>\n<meta property=\"og:locale\" content=\"fr_FR\" \/>\n<meta property=\"og:type\" content=\"article\" \/>\n<meta property=\"og:title\" content=\"B\u00e9n\u00e9vole\" \/>\n<meta property=\"og:description\" content=\"Il existe une vari\u00e9t\u00e9 de possibilit\u00e9s de b\u00e9n\u00e9volat dans les \u00e9tablissements de l&#039;Ascentria Care Alliance dans toute la Nouvelle-Angleterre. Vous pouvez choisir d&#039;\u00eatre b\u00e9n\u00e9vole au sein d&#039;un groupe ou en tant qu&#039;individu, de mani\u00e8re continue ou ponctuelle.\" \/>\n<meta property=\"og:url\" content=\"https:\/\/www.ascentria.org\/fr\/communaute\/simpliquer\/benevole\/\" \/>\n<meta property=\"og:site_name\" content=\"Ascentria Care Alliance\" \/>\n<meta property=\"article:modified_time\" content=\"2024-07-08T18:07:57+00:00\" \/>\n<meta property=\"og:image\" content=\"https:\/\/www.ascentria.org\/wp-content\/uploads\/2023\/12\/Volunteer-with-us.png\" \/>\n\t<meta property=\"og:image:width\" content=\"536\" \/>\n\t<meta property=\"og:image:height\" content=\"302\" \/>\n\t<meta property=\"og:image:type\" content=\"image\/png\" \/>\n<meta name=\"twitter:card\" content=\"summary_large_image\" \/>\n<meta name=\"twitter:label1\" content=\"Dur\u00e9e de lecture estim\u00e9e\" \/>\n\t<meta name=\"twitter:data1\" content=\"2 minutes\" \/>\n<script type=\"application\/ld+json\" class=\"yoast-schema-graph\">{\"@context\":\"https:\\\/\\\/schema.org\",\"@graph\":[{\"@type\":\"WebPage\",\"@id\":\"https:\\\/\\\/www.ascentria.org\\\/fr\\\/communaute\\\/simpliquer\\\/benevole\\\/\",\"url\":\"https:\\\/\\\/www.ascentria.org\\\/fr\\\/communaute\\\/simpliquer\\\/benevole\\\/\",\"name\":\"B\u00e9n\u00e9vole - Ascentria Care Alliance\",\"isPartOf\":{\"@id\":\"https:\\\/\\\/www.ascentria.org\\\/fr\\\/#website\"},\"primaryImageOfPage\":{\"@id\":\"https:\\\/\\\/www.ascentria.org\\\/fr\\\/communaute\\\/simpliquer\\\/benevole\\\/#primaryimage\"},\"image\":{\"@id\":\"https:\\\/\\\/www.ascentria.org\\\/fr\\\/communaute\\\/simpliquer\\\/benevole\\\/#primaryimage\"},\"thumbnailUrl\":\"https:\\\/\\\/www.ascentria.org\\\/wp-content\\\/uploads\\\/2023\\\/12\\\/Volunteer-with-us.png\",\"datePublished\":\"2023-11-03T17:26:16+00:00\",\"dateModified\":\"2024-07-08T18:07:57+00:00\",\"breadcrumb\":{\"@id\":\"https:\\\/\\\/www.ascentria.org\\\/fr\\\/communaute\\\/simpliquer\\\/benevole\\\/#breadcrumb\"},\"inLanguage\":\"fr-FR\",\"potentialAction\":[{\"@type\":\"ReadAction\",\"target\":[\"https:\\\/\\\/www.ascentria.org\\\/fr\\\/communaute\\\/simpliquer\\\/benevole\\\/\"]}]},{\"@type\":\"ImageObject\",\"inLanguage\":\"fr-FR\",\"@id\":\"https:\\\/\\\/www.ascentria.org\\\/fr\\\/communaute\\\/simpliquer\\\/benevole\\\/#primaryimage\",\"url\":\"https:\\\/\\\/www.ascentria.org\\\/wp-content\\\/uploads\\\/2023\\\/12\\\/Volunteer-with-us.png\",\"contentUrl\":\"https:\\\/\\\/www.ascentria.org\\\/wp-content\\\/uploads\\\/2023\\\/12\\\/Volunteer-with-us.png\",\"width\":536,\"height\":302},{\"@type\":\"BreadcrumbList\",\"@id\":\"https:\\\/\\\/www.ascentria.org\\\/fr\\\/communaute\\\/simpliquer\\\/benevole\\\/#breadcrumb\",\"itemListElement\":[{\"@type\":\"ListItem\",\"position\":1,\"name\":\"Home\",\"item\":\"https:\\\/\\\/www.ascentria.org\\\/fr\\\/\"},{\"@type\":\"ListItem\",\"position\":2,\"name\":\"Communaut\u00e9\",\"item\":\"https:\\\/\\\/www.ascentria.org\\\/fr\\\/communaute\\\/\"},{\"@type\":\"ListItem\",\"position\":3,\"name\":\"S&rsquo;impliquer\",\"item\":\"https:\\\/\\\/www.ascentria.org\\\/fr\\\/communaute\\\/simpliquer\\\/\"},{\"@type\":\"ListItem\",\"position\":4,\"name\":\"B\u00e9n\u00e9vole\"}]},{\"@type\":\"WebSite\",\"@id\":\"https:\\\/\\\/www.ascentria.org\\\/fr\\\/#website\",\"url\":\"https:\\\/\\\/www.ascentria.org\\\/fr\\\/\",\"name\":\"Ascentria Care Alliance\",\"description\":\"\",\"publisher\":{\"@id\":\"https:\\\/\\\/www.ascentria.org\\\/fr\\\/#organization\"},\"potentialAction\":[{\"@type\":\"SearchAction\",\"target\":{\"@type\":\"EntryPoint\",\"urlTemplate\":\"https:\\\/\\\/www.ascentria.org\\\/fr\\\/?s={search_term_string}\"},\"query-input\":{\"@type\":\"PropertyValueSpecification\",\"valueRequired\":true,\"valueName\":\"search_term_string\"}}],\"inLanguage\":\"fr-FR\"},{\"@type\":\"Organization\",\"@id\":\"https:\\\/\\\/www.ascentria.org\\\/fr\\\/#organization\",\"name\":\"Ascentria Care Alliance\",\"url\":\"https:\\\/\\\/www.ascentria.org\\\/fr\\\/\",\"logo\":{\"@type\":\"ImageObject\",\"inLanguage\":\"fr-FR\",\"@id\":\"https:\\\/\\\/www.ascentria.org\\\/fr\\\/#\\\/schema\\\/logo\\\/image\\\/\",\"url\":\"https:\\\/\\\/www.ascentria.org\\\/wp-content\\\/uploads\\\/2023\\\/11\\\/asc-logo-horiz-light.png\",\"contentUrl\":\"https:\\\/\\\/www.ascentria.org\\\/wp-content\\\/uploads\\\/2023\\\/11\\\/asc-logo-horiz-light.png\",\"width\":1534,\"height\":424,\"caption\":\"Ascentria Care Alliance\"},\"image\":{\"@id\":\"https:\\\/\\\/www.ascentria.org\\\/fr\\\/#\\\/schema\\\/logo\\\/image\\\/\"}}]}<\/script>\n<!-- \/ Yoast SEO Premium plugin. -->","yoast_head_json":{"title":"B\u00e9n\u00e9vole - Ascentria Care Alliance","robots":{"index":"index","follow":"follow","max-snippet":"max-snippet:-1","max-image-preview":"max-image-preview:large","max-video-preview":"max-video-preview:-1"},"canonical":"https:\/\/www.ascentria.org\/fr\/communaute\/simpliquer\/benevole\/","og_locale":"fr_FR","og_type":"article","og_title":"B\u00e9n\u00e9vole","og_description":"Il existe une vari\u00e9t\u00e9 de possibilit\u00e9s de b\u00e9n\u00e9volat dans les \u00e9tablissements de l'Ascentria Care Alliance dans toute la Nouvelle-Angleterre. Vous pouvez choisir d'\u00eatre b\u00e9n\u00e9vole au sein d'un groupe ou en tant qu'individu, de mani\u00e8re continue ou ponctuelle.","og_url":"https:\/\/www.ascentria.org\/fr\/communaute\/simpliquer\/benevole\/","og_site_name":"Ascentria Care Alliance","article_modified_time":"2024-07-08T18:07:57+00:00","og_image":[{"width":536,"height":302,"url":"https:\/\/www.ascentria.org\/wp-content\/uploads\/2023\/12\/Volunteer-with-us.png","type":"image\/png"}],"twitter_card":"summary_large_image","twitter_misc":{"Dur\u00e9e de lecture estim\u00e9e":"2 minutes"},"schema":{"@context":"https:\/\/schema.org","@graph":[{"@type":"WebPage","@id":"https:\/\/www.ascentria.org\/fr\/communaute\/simpliquer\/benevole\/","url":"https:\/\/www.ascentria.org\/fr\/communaute\/simpliquer\/benevole\/","name":"B\u00e9n\u00e9vole - Ascentria Care Alliance","isPartOf":{"@id":"https:\/\/www.ascentria.org\/fr\/#website"},"primaryImageOfPage":{"@id":"https:\/\/www.ascentria.org\/fr\/communaute\/simpliquer\/benevole\/#primaryimage"},"image":{"@id":"https:\/\/www.ascentria.org\/fr\/communaute\/simpliquer\/benevole\/#primaryimage"},"thumbnailUrl":"https:\/\/www.ascentria.org\/wp-content\/uploads\/2023\/12\/Volunteer-with-us.png","datePublished":"2023-11-03T17:26:16+00:00","dateModified":"2024-07-08T18:07:57+00:00","breadcrumb":{"@id":"https:\/\/www.ascentria.org\/fr\/communaute\/simpliquer\/benevole\/#breadcrumb"},"inLanguage":"fr-FR","potentialAction":[{"@type":"ReadAction","target":["https:\/\/www.ascentria.org\/fr\/communaute\/simpliquer\/benevole\/"]}]},{"@type":"ImageObject","inLanguage":"fr-FR","@id":"https:\/\/www.ascentria.org\/fr\/communaute\/simpliquer\/benevole\/#primaryimage","url":"https:\/\/www.ascentria.org\/wp-content\/uploads\/2023\/12\/Volunteer-with-us.png","contentUrl":"https:\/\/www.ascentria.org\/wp-content\/uploads\/2023\/12\/Volunteer-with-us.png","width":536,"height":302},{"@type":"BreadcrumbList","@id":"https:\/\/www.ascentria.org\/fr\/communaute\/simpliquer\/benevole\/#breadcrumb","itemListElement":[{"@type":"ListItem","position":1,"name":"Home","item":"https:\/\/www.ascentria.org\/fr\/"},{"@type":"ListItem","position":2,"name":"Communaut\u00e9","item":"https:\/\/www.ascentria.org\/fr\/communaute\/"},{"@type":"ListItem","position":3,"name":"S&rsquo;impliquer","item":"https:\/\/www.ascentria.org\/fr\/communaute\/simpliquer\/"},{"@type":"ListItem","position":4,"name":"B\u00e9n\u00e9vole"}]},{"@type":"WebSite","@id":"https:\/\/www.ascentria.org\/fr\/#website","url":"https:\/\/www.ascentria.org\/fr\/","name":"Ascentria Care Alliance","description":"","publisher":{"@id":"https:\/\/www.ascentria.org\/fr\/#organization"},"potentialAction":[{"@type":"SearchAction","target":{"@type":"EntryPoint","urlTemplate":"https:\/\/www.ascentria.org\/fr\/?s={search_term_string}"},"query-input":{"@type":"PropertyValueSpecification","valueRequired":true,"valueName":"search_term_string"}}],"inLanguage":"fr-FR"},{"@type":"Organization","@id":"https:\/\/www.ascentria.org\/fr\/#organization","name":"Ascentria Care Alliance","url":"https:\/\/www.ascentria.org\/fr\/","logo":{"@type":"ImageObject","inLanguage":"fr-FR","@id":"https:\/\/www.ascentria.org\/fr\/#\/schema\/logo\/image\/","url":"https:\/\/www.ascentria.org\/wp-content\/uploads\/2023\/11\/asc-logo-horiz-light.png","contentUrl":"https:\/\/www.ascentria.org\/wp-content\/uploads\/2023\/11\/asc-logo-horiz-light.png","width":1534,"height":424,"caption":"Ascentria Care Alliance"},"image":{"@id":"https:\/\/www.ascentria.org\/fr\/#\/schema\/logo\/image\/"}}]}},"_links":{"self":[{"href":"https:\/\/www.ascentria.org\/fr\/wp-json\/wp\/v2\/pages\/7050","targetHints":{"allow":["GET"]}}],"collection":[{"href":"https:\/\/www.ascentria.org\/fr\/wp-json\/wp\/v2\/pages"}],"about":[{"href":"https:\/\/www.ascentria.org\/fr\/wp-json\/wp\/v2\/types\/page"}],"author":[{"embeddable":true,"href":"https:\/\/www.ascentria.org\/fr\/wp-json\/wp\/v2\/users\/4"}],"replies":[{"embeddable":true,"href":"https:\/\/www.ascentria.org\/fr\/wp-json\/wp\/v2\/comments?post=7050"}],"version-history":[{"count":0,"href":"https:\/\/www.ascentria.org\/fr\/wp-json\/wp\/v2\/pages\/7050\/revisions"}],"up":[{"embeddable":true,"href":"https:\/\/www.ascentria.org\/fr\/wp-json\/wp\/v2\/pages\/6699"}],"wp:featuredmedia":[{"embeddable":true,"href":"https:\/\/www.ascentria.org\/fr\/wp-json\/wp\/v2\/media\/2579"}],"wp:attachment":[{"href":"https:\/\/www.ascentria.org\/fr\/wp-json\/wp\/v2\/media?parent=7050"}],"curies":[{"name":"wp","href":"https:\/\/api.w.org\/{rel}","templated":true}]}}