{"id":6593,"date":"2023-11-03T13:26:16","date_gmt":"2023-11-03T17:26:16","guid":{"rendered":"https:\/\/ascentriacaprd.wpenginepowered.com\/voluntario\/"},"modified":"2024-07-08T14:07:59","modified_gmt":"2024-07-08T18:07:59","slug":"voluntario","status":"publish","type":"page","link":"https:\/\/www.ascentria.org\/pt-pt\/comunidade\/participe\/voluntario\/","title":{"rendered":"Volunt\u00e1rio"},"content":{"rendered":"\t\t<div data-elementor-type=\"wp-page\" data-elementor-id=\"6593\" class=\"elementor elementor-6593 elementor-168\" data-elementor-post-type=\"page\">\n\t\t\t\t<div class=\"elementor-element elementor-element-1473d469 elementor-hidden-mobile e-flex e-con-boxed e-con e-parent\" data-id=\"1473d469\" data-element_type=\"container\">\n\t\t\t\t\t<div class=\"e-con-inner\">\n\t\t\t\t<div class=\"elementor-element elementor-element-727efbd1 elementor-widget elementor-widget-breadcrumbs\" data-id=\"727efbd1\" data-element_type=\"widget\" data-widget_type=\"breadcrumbs.default\">\n\t\t\t\t<div class=\"elementor-widget-container\">\n\t\t\t\t\t<p id=\"breadcrumbs\"><span><span><a href=\"https:\/\/www.ascentria.org\/pt-pt\/\">Home<\/a><\/span><\/span><\/p>\t\t\t\t<\/div>\n\t\t\t\t<\/div>\n\t\t\t\t\t<\/div>\n\t\t\t\t<\/div>\n\t\t<div class=\"elementor-element elementor-element-7fe4133 e-con-full e-flex e-con e-parent\" data-id=\"7fe4133\" data-element_type=\"container\" data-settings=\"{&quot;background_background&quot;:&quot;classic&quot;}\">\n\t\t<div class=\"elementor-element elementor-element-303d544 e-con-full e-flex elementor-invisible e-con e-child\" data-id=\"303d544\" data-element_type=\"container\" data-settings=\"{&quot;animation&quot;:&quot;fadeInLeft&quot;}\">\n\t\t<div class=\"elementor-element elementor-element-6231d809 e-con-full e-flex e-con e-child\" data-id=\"6231d809\" data-element_type=\"container\">\n\t\t\t\t<div class=\"elementor-element elementor-element-75698539 elementor-widget elementor-widget-heading\" data-id=\"75698539\" data-element_type=\"widget\" data-widget_type=\"heading.default\">\n\t\t\t\t<div class=\"elementor-widget-container\">\n\t\t\t\t\t<h2 class=\"elementor-heading-title elementor-size-default\">Movido por pessoas<\/h2>\t\t\t\t<\/div>\n\t\t\t\t<\/div>\n\t\t\t\t<div class=\"elementor-element elementor-element-6f1b3c18 elementor-widget elementor-widget-spacer\" data-id=\"6f1b3c18\" data-element_type=\"widget\" data-widget_type=\"spacer.default\">\n\t\t\t\t<div class=\"elementor-widget-container\">\n\t\t\t\t\t\t\t<div class=\"elementor-spacer\">\n\t\t\t<div class=\"elementor-spacer-inner\"><\/div>\n\t\t<\/div>\n\t\t\t\t\t\t<\/div>\n\t\t\t\t<\/div>\n\t\t\t\t<div class=\"elementor-element elementor-element-59fab798 elementor-widget elementor-widget-heading\" data-id=\"59fab798\" data-element_type=\"widget\" data-widget_type=\"heading.default\">\n\t\t\t\t<div class=\"elementor-widget-container\">\n\t\t\t\t\t<h1 class=\"elementor-heading-title elementor-size-default\">Seja volunt\u00e1rio na Ascentria<\/h1>\t\t\t\t<\/div>\n\t\t\t\t<\/div>\n\t\t\t\t<div class=\"elementor-element elementor-element-4df9a31f elementor-widget elementor-widget-spacer\" data-id=\"4df9a31f\" data-element_type=\"widget\" data-widget_type=\"spacer.default\">\n\t\t\t\t<div class=\"elementor-widget-container\">\n\t\t\t\t\t\t\t<div class=\"elementor-spacer\">\n\t\t\t<div class=\"elementor-spacer-inner\"><\/div>\n\t\t<\/div>\n\t\t\t\t\t\t<\/div>\n\t\t\t\t<\/div>\n\t\t\t\t<div class=\"elementor-element elementor-element-73ebcb8c elementor-widget-divider--view-line elementor-widget elementor-widget-divider\" data-id=\"73ebcb8c\" data-element_type=\"widget\" data-widget_type=\"divider.default\">\n\t\t\t\t<div class=\"elementor-widget-container\">\n\t\t\t\t\t\t\t<div class=\"elementor-divider\">\n\t\t\t<span class=\"elementor-divider-separator\">\n\t\t\t\t\t\t<\/span>\n\t\t<\/div>\n\t\t\t\t\t\t<\/div>\n\t\t\t\t<\/div>\n\t\t\t\t<div class=\"elementor-element elementor-element-c053010 elementor-widget elementor-widget-spacer\" data-id=\"c053010\" data-element_type=\"widget\" data-widget_type=\"spacer.default\">\n\t\t\t\t<div class=\"elementor-widget-container\">\n\t\t\t\t\t\t\t<div class=\"elementor-spacer\">\n\t\t\t<div class=\"elementor-spacer-inner\"><\/div>\n\t\t<\/div>\n\t\t\t\t\t\t<\/div>\n\t\t\t\t<\/div>\n\t\t\t\t<div class=\"elementor-element elementor-element-63727bb2 elementor-widget__width-initial elementor-widget elementor-widget-text-editor\" data-id=\"63727bb2\" data-element_type=\"widget\" data-widget_type=\"text-editor.default\">\n\t\t\t\t<div class=\"elementor-widget-container\">\n\t\t\t\t\t\t\t\t\t<p>O nosso trabalho n\u00e3o seria poss\u00edvel sem o apoio de volunt\u00e1rios e membros da comunidade em toda a Nova Inglaterra! Oferecemos uma variedade de oportunidades de voluntariado para volunt\u00e1rios individuais, organiza\u00e7\u00f5es e um novo modelo de voluntariado inovador chamado Equipas de Apoio ao Bairro.<\/p>\n\t\t\t\t\t\t\t\t<\/div>\n\t\t\t\t<\/div>\n\t\t\t\t<div class=\"elementor-element elementor-element-7efae1a5 elementor-widget elementor-widget-spacer\" data-id=\"7efae1a5\" data-element_type=\"widget\" data-widget_type=\"spacer.default\">\n\t\t\t\t<div class=\"elementor-widget-container\">\n\t\t\t\t\t\t\t<div class=\"elementor-spacer\">\n\t\t\t<div class=\"elementor-spacer-inner\"><\/div>\n\t\t<\/div>\n\t\t\t\t\t\t<\/div>\n\t\t\t\t<\/div>\n\t\t\t\t<div class=\"elementor-element elementor-element-341e187d elementor-widget elementor-widget-button\" data-id=\"341e187d\" data-element_type=\"widget\" data-widget_type=\"button.default\">\n\t\t\t\t<div class=\"elementor-widget-container\">\n\t\t\t\t\t\t\t\t\t<div class=\"elementor-button-wrapper\">\n\t\t\t\t\t<a class=\"elementor-button elementor-button-link elementor-size-xs\" href=\"#Form\">\n\t\t\t\t\t\t<span class=\"elementor-button-content-wrapper\">\n\t\t\t\t\t\t\t\t\t<span class=\"elementor-button-text\">Informe-se hoje<\/span>\n\t\t\t\t\t<\/span>\n\t\t\t\t\t<\/a>\n\t\t\t\t<\/div>\n\t\t\t\t\t\t\t\t<\/div>\n\t\t\t\t<\/div>\n\t\t\t\t<\/div>\n\t\t\t\t<\/div>\n\t\t<div class=\"elementor-element elementor-element-317af8f1 e-con-full e-flex e-con e-child\" data-id=\"317af8f1\" data-element_type=\"container\">\n\t\t\t\t<div class=\"elementor-element elementor-element-3a81830b elementor-widget elementor-widget-image\" data-id=\"3a81830b\" data-element_type=\"widget\" data-widget_type=\"image.default\">\n\t\t\t\t<div class=\"elementor-widget-container\">\n\t\t\t\t\t\t\t\t\t\t\t\t\t\t\t<img fetchpriority=\"high\" decoding=\"async\" width=\"800\" height=\"534\" src=\"https:\/\/www.ascentria.org\/wp-content\/uploads\/2023\/12\/2020-10-21-14_11_59-Photos-1024x683.png\" class=\"attachment-large size-large wp-image-3027\" alt=\"\" srcset=\"https:\/\/www.ascentria.org\/wp-content\/uploads\/2023\/12\/2020-10-21-14_11_59-Photos-1024x683.png 1024w, https:\/\/www.ascentria.org\/wp-content\/uploads\/2023\/12\/2020-10-21-14_11_59-Photos-300x200.png 300w, https:\/\/www.ascentria.org\/wp-content\/uploads\/2023\/12\/2020-10-21-14_11_59-Photos-768x512.png 768w, https:\/\/www.ascentria.org\/wp-content\/uploads\/2023\/12\/2020-10-21-14_11_59-Photos.png 1307w\" sizes=\"(max-width: 800px) 100vw, 800px\" \/>\t\t\t\t\t\t\t\t\t\t\t\t\t\t\t<\/div>\n\t\t\t\t<\/div>\n\t\t\t\t<\/div>\n\t\t\t\t<\/div>\n\t\t<div class=\"elementor-element elementor-element-31e2bdcf e-flex e-con-boxed e-con e-parent\" data-id=\"31e2bdcf\" data-element_type=\"container\">\n\t\t\t\t\t<div class=\"e-con-inner\">\n\t\t<div class=\"elementor-element elementor-element-327417da e-con-full e-flex e-con e-child\" data-id=\"327417da\" data-element_type=\"container\" data-settings=\"{&quot;background_background&quot;:&quot;classic&quot;}\">\n\t\t\t\t<div class=\"elementor-element elementor-element-3065774 elementor-widget elementor-widget-menu-anchor\" data-id=\"3065774\" data-element_type=\"widget\" data-widget_type=\"menu-anchor.default\">\n\t\t\t\t<div class=\"elementor-widget-container\">\n\t\t\t\t\t\t\t<div class=\"elementor-menu-anchor\" id=\"Formulrio\"><\/div>\n\t\t\t\t\t\t<\/div>\n\t\t\t\t<\/div>\n\t\t\t\t<div class=\"elementor-element elementor-element-897c907 elementor-widget elementor-widget-html\" data-id=\"897c907\" data-element_type=\"widget\" data-widget_type=\"html.default\">\n\t\t\t\t<div class=\"elementor-widget-container\">\n\t\t\t\t\t<script type=\"text\/javascript\" src=\"https:\/\/form.jotform.com\/jsform\/233414684151150\"><\/script>\t\t\t\t<\/div>\n\t\t\t\t<\/div>\n\t\t\t\t<\/div>\n\t\t<div class=\"elementor-element elementor-element-2b1a779c e-con-full e-flex e-con e-child\" data-id=\"2b1a779c\" data-element_type=\"container\" data-settings=\"{&quot;background_background&quot;:&quot;classic&quot;}\">\n\t\t\t\t<div class=\"elementor-element elementor-element-1928324 elementor-widget elementor-widget-spacer\" data-id=\"1928324\" data-element_type=\"widget\" data-widget_type=\"spacer.default\">\n\t\t\t\t<div class=\"elementor-widget-container\">\n\t\t\t\t\t\t\t<div class=\"elementor-spacer\">\n\t\t\t<div class=\"elementor-spacer-inner\"><\/div>\n\t\t<\/div>\n\t\t\t\t\t\t<\/div>\n\t\t\t\t<\/div>\n\t\t\t\t<div class=\"elementor-element elementor-element-33d2f605 elementor-widget elementor-widget-heading\" data-id=\"33d2f605\" data-element_type=\"widget\" data-widget_type=\"heading.default\">\n\t\t\t\t<div class=\"elementor-widget-container\">\n\t\t\t\t\t<p class=\"elementor-heading-title elementor-size-default\">Perguntas mais frequentes<\/p>\t\t\t\t<\/div>\n\t\t\t\t<\/div>\n\t\t\t\t<div class=\"elementor-element elementor-element-73c65b6c elementor-widget elementor-widget-accordion\" data-id=\"73c65b6c\" data-element_type=\"widget\" data-widget_type=\"accordion.default\">\n\t\t\t\t<div class=\"elementor-widget-container\">\n\t\t\t\t\t\t\t<div class=\"elementor-accordion\">\n\t\t\t\t\t\t\t<div class=\"elementor-accordion-item\">\n\t\t\t\t\t<div id=\"elementor-tab-title-1941\" class=\"elementor-tab-title\" data-tab=\"1\" role=\"button\" aria-controls=\"elementor-tab-content-1941\" aria-expanded=\"false\">\n\t\t\t\t\t\t\t\t\t\t\t\t\t<span class=\"elementor-accordion-icon elementor-accordion-icon-right\" aria-hidden=\"true\">\n\t\t\t\t\t\t\t\t\t\t\t\t\t\t\t<span class=\"elementor-accordion-icon-closed\"><svg class=\"e-font-icon-svg e-fas-caret-down\" viewBox=\"0 0 320 512\" xmlns=\"http:\/\/www.w3.org\/2000\/svg\"><path d=\"M31.3 192h257.3c17.8 0 26.7 21.5 14.1 34.1L174.1 354.8c-7.8 7.8-20.5 7.8-28.3 0L17.2 226.1C4.6 213.5 13.5 192 31.3 192z\"><\/path><\/svg><\/span>\n\t\t\t\t\t\t\t\t<span class=\"elementor-accordion-icon-opened\"><svg class=\"e-font-icon-svg e-fas-caret-up\" viewBox=\"0 0 320 512\" xmlns=\"http:\/\/www.w3.org\/2000\/svg\"><path d=\"M288.662 352H31.338c-17.818 0-26.741-21.543-14.142-34.142l128.662-128.662c7.81-7.81 20.474-7.81 28.284 0l128.662 128.662c12.6 12.599 3.676 34.142-14.142 34.142z\"><\/path><\/svg><\/span>\n\t\t\t\t\t\t\t\t\t\t\t\t\t\t<\/span>\n\t\t\t\t\t\t\t\t\t\t\t\t<a class=\"elementor-accordion-title\" tabindex=\"0\">Que tipo de oportunidades de voluntariado est\u00e3o dispon\u00edveis?<\/a>\n\t\t\t\t\t<\/div>\n\t\t\t\t\t<div id=\"elementor-tab-content-1941\" class=\"elementor-tab-content elementor-clearfix\" data-tab=\"1\" role=\"region\" aria-labelledby=\"elementor-tab-title-1941\"><div>\n<div id=\"p_lt_ctl06_pageplaceholder_p_lt_ctl04_AccordionLayout1_pane3_content\" class=\"Accordion Layout Zone\">H\u00e1 uma variedade de oportunidades de servi\u00e7o em toda a Nova Inglaterra. Incluem oportunidades \u00fanicas, projectos cont\u00ednuos, projectos de grupo, oportunidades individuais, est\u00e1gios, fornecimento de bens e servi\u00e7os necess\u00e1rios, participa\u00e7\u00e3o em conselhos consultivos, angaria\u00e7\u00e3o de fundos, coordena\u00e7\u00e3o de campanhas de donativos, trabalho de sensibiliza\u00e7\u00e3o e muito mais.<\/div>\n<\/div>\n<\/div>\n\t\t\t\t<\/div>\n\t\t\t\t\t\t\t<div class=\"elementor-accordion-item\">\n\t\t\t\t\t<div id=\"elementor-tab-title-1942\" class=\"elementor-tab-title\" data-tab=\"2\" role=\"button\" aria-controls=\"elementor-tab-content-1942\" aria-expanded=\"false\">\n\t\t\t\t\t\t\t\t\t\t\t\t\t<span class=\"elementor-accordion-icon elementor-accordion-icon-right\" aria-hidden=\"true\">\n\t\t\t\t\t\t\t\t\t\t\t\t\t\t\t<span class=\"elementor-accordion-icon-closed\"><svg class=\"e-font-icon-svg e-fas-caret-down\" viewBox=\"0 0 320 512\" xmlns=\"http:\/\/www.w3.org\/2000\/svg\"><path d=\"M31.3 192h257.3c17.8 0 26.7 21.5 14.1 34.1L174.1 354.8c-7.8 7.8-20.5 7.8-28.3 0L17.2 226.1C4.6 213.5 13.5 192 31.3 192z\"><\/path><\/svg><\/span>\n\t\t\t\t\t\t\t\t<span class=\"elementor-accordion-icon-opened\"><svg class=\"e-font-icon-svg e-fas-caret-up\" viewBox=\"0 0 320 512\" xmlns=\"http:\/\/www.w3.org\/2000\/svg\"><path d=\"M288.662 352H31.338c-17.818 0-26.741-21.543-14.142-34.142l128.662-128.662c7.81-7.81 20.474-7.81 28.284 0l128.662 128.662c12.6 12.599 3.676 34.142-14.142 34.142z\"><\/path><\/svg><\/span>\n\t\t\t\t\t\t\t\t\t\t\t\t\t\t<\/span>\n\t\t\t\t\t\t\t\t\t\t\t\t<a class=\"elementor-accordion-title\" tabindex=\"0\">E se n\u00e3o houver nenhuma oportunidade perto de mim?<\/a>\n\t\t\t\t\t<\/div>\n\t\t\t\t\t<div id=\"elementor-tab-content-1942\" class=\"elementor-tab-content elementor-clearfix\" data-tab=\"2\" role=\"region\" aria-labelledby=\"elementor-tab-title-1942\"><div>\n<div id=\"p_lt_ctl06_pageplaceholder_p_lt_ctl04_AccordionLayout1_pane5_content\" class=\"Accordion Layout Zone\">Se n\u00e3o vive perto de um local Ascentria, muitos projectos de voluntariado podem ser realizados \u00e0 dist\u00e2ncia ou no seu local de reuni\u00e3o, empresa ou casa.<\/div>\n<\/div>\n<\/div>\n\t\t\t\t<\/div>\n\t\t\t\t\t\t\t<div class=\"elementor-accordion-item\">\n\t\t\t\t\t<div id=\"elementor-tab-title-1943\" class=\"elementor-tab-title\" data-tab=\"3\" role=\"button\" aria-controls=\"elementor-tab-content-1943\" aria-expanded=\"false\">\n\t\t\t\t\t\t\t\t\t\t\t\t\t<span class=\"elementor-accordion-icon elementor-accordion-icon-right\" aria-hidden=\"true\">\n\t\t\t\t\t\t\t\t\t\t\t\t\t\t\t<span class=\"elementor-accordion-icon-closed\"><svg class=\"e-font-icon-svg e-fas-caret-down\" viewBox=\"0 0 320 512\" xmlns=\"http:\/\/www.w3.org\/2000\/svg\"><path d=\"M31.3 192h257.3c17.8 0 26.7 21.5 14.1 34.1L174.1 354.8c-7.8 7.8-20.5 7.8-28.3 0L17.2 226.1C4.6 213.5 13.5 192 31.3 192z\"><\/path><\/svg><\/span>\n\t\t\t\t\t\t\t\t<span class=\"elementor-accordion-icon-opened\"><svg class=\"e-font-icon-svg e-fas-caret-up\" viewBox=\"0 0 320 512\" xmlns=\"http:\/\/www.w3.org\/2000\/svg\"><path d=\"M288.662 352H31.338c-17.818 0-26.741-21.543-14.142-34.142l128.662-128.662c7.81-7.81 20.474-7.81 28.284 0l128.662 128.662c12.6 12.599 3.676 34.142-14.142 34.142z\"><\/path><\/svg><\/span>\n\t\t\t\t\t\t\t\t\t\t\t\t\t\t<\/span>\n\t\t\t\t\t\t\t\t\t\t\t\t<a class=\"elementor-accordion-title\" tabindex=\"0\">Como \u00e9 o processo de candidatura?<\/a>\n\t\t\t\t\t<\/div>\n\t\t\t\t\t<div id=\"elementor-tab-content-1943\" class=\"elementor-tab-content elementor-clearfix\" data-tab=\"3\" role=\"region\" aria-labelledby=\"elementor-tab-title-1943\"><div>\n<div id=\"p_lt_ctl06_pageplaceholder_p_lt_ctl04_AccordionLayout1_pane4_content\" class=\"Accordion Layout Zone\">Depois de um membro da equipa ter identificado uma oportunidade que corresponda ao seu desejo de servir, ser-lhe-\u00e1 pedido que marque uma entrevista e preencha um formul\u00e1rio de candidatura. Se a tarefa envolver o trabalho com clientes, ficheiros pessoais, registos de casos ou outras informa\u00e7\u00f5es organizacionais sens\u00edveis, ser\u00e1 tamb\u00e9m necess\u00e1rio efetuar um inqu\u00e9rito criminal. Se a tarefa implicar a condu\u00e7\u00e3o, ser-lhe-\u00e1 pedido que apresente um comprovativo de seguro autom\u00f3vel e que autorize um controlo do registo de condu\u00e7\u00e3o autom\u00f3vel.<\/div>\n<\/div>\n<\/div>\n\t\t\t\t<\/div>\n\t\t\t\t\t\t\t\t<\/div>\n\t\t\t\t\t\t<\/div>\n\t\t\t\t<\/div>\n\t\t\t\t<\/div>\n\t\t\t\t\t<\/div>\n\t\t\t\t<\/div>\n\t\t\t\t<\/div>\n\t\t","protected":false},"excerpt":{"rendered":"<p>H\u00e1 uma variedade de oportunidades de voluntariado nos locais da Ascentria Care Alliance em toda a Nova Inglaterra. Pode optar por ser volunt\u00e1rio com um grupo, como indiv\u00edduo, numa base cont\u00ednua ou apenas uma vez.  <\/p>\n","protected":false},"author":4,"featured_media":2583,"parent":6691,"menu_order":2,"comment_status":"closed","ping_status":"closed","template":"","meta":{"_acf_changed":false,"content-type":"","om_disable_all_campaigns":false,"footnotes":""},"class_list":["post-6593","page","type-page","status-publish","has-post-thumbnail","hentry"],"acf":[],"yoast_head":"<!-- This site is optimized with the Yoast SEO Premium plugin v27.3 (Yoast SEO v27.3) - https:\/\/yoast.com\/product\/yoast-seo-premium-wordpress\/ -->\n<title>Volunt\u00e1rio - Ascentria Care Alliance<\/title>\n<meta name=\"robots\" content=\"index, follow, max-snippet:-1, max-image-preview:large, max-video-preview:-1\" \/>\n<link rel=\"canonical\" href=\"https:\/\/www.ascentria.org\/pt-pt\/comunidade\/participe\/voluntario\/\" \/>\n<meta property=\"og:locale\" content=\"pt_PT\" \/>\n<meta property=\"og:type\" content=\"article\" \/>\n<meta property=\"og:title\" content=\"Volunt\u00e1rio\" \/>\n<meta property=\"og:description\" content=\"H\u00e1 uma variedade de oportunidades de voluntariado nos locais da Ascentria Care Alliance em toda a Nova Inglaterra. Pode optar por ser volunt\u00e1rio com um grupo, como indiv\u00edduo, numa base cont\u00ednua ou apenas uma vez.\" \/>\n<meta property=\"og:url\" content=\"https:\/\/www.ascentria.org\/pt-pt\/comunidade\/participe\/voluntario\/\" \/>\n<meta property=\"og:site_name\" content=\"Ascentria Care Alliance\" \/>\n<meta property=\"article:modified_time\" content=\"2024-07-08T18:07:59+00:00\" \/>\n<meta property=\"og:image\" content=\"https:\/\/www.ascentria.org\/wp-content\/uploads\/2023\/12\/Volunteer-with-us.png\" \/>\n\t<meta property=\"og:image:width\" content=\"536\" \/>\n\t<meta property=\"og:image:height\" content=\"302\" \/>\n\t<meta property=\"og:image:type\" content=\"image\/png\" \/>\n<meta name=\"twitter:card\" content=\"summary_large_image\" \/>\n<meta name=\"twitter:label1\" content=\"Tempo estimado de leitura\" \/>\n\t<meta name=\"twitter:data1\" content=\"1 minuto\" \/>\n<script type=\"application\/ld+json\" class=\"yoast-schema-graph\">{\"@context\":\"https:\\\/\\\/schema.org\",\"@graph\":[{\"@type\":\"WebPage\",\"@id\":\"https:\\\/\\\/www.ascentria.org\\\/pt-pt\\\/comunidade\\\/participe\\\/voluntario\\\/\",\"url\":\"https:\\\/\\\/www.ascentria.org\\\/pt-pt\\\/comunidade\\\/participe\\\/voluntario\\\/\",\"name\":\"Volunt\u00e1rio - Ascentria Care Alliance\",\"isPartOf\":{\"@id\":\"https:\\\/\\\/www.ascentria.org\\\/pt-pt\\\/#website\"},\"primaryImageOfPage\":{\"@id\":\"https:\\\/\\\/www.ascentria.org\\\/pt-pt\\\/comunidade\\\/participe\\\/voluntario\\\/#primaryimage\"},\"image\":{\"@id\":\"https:\\\/\\\/www.ascentria.org\\\/pt-pt\\\/comunidade\\\/participe\\\/voluntario\\\/#primaryimage\"},\"thumbnailUrl\":\"https:\\\/\\\/www.ascentria.org\\\/wp-content\\\/uploads\\\/2023\\\/12\\\/Volunteer-with-us.png\",\"datePublished\":\"2023-11-03T17:26:16+00:00\",\"dateModified\":\"2024-07-08T18:07:59+00:00\",\"breadcrumb\":{\"@id\":\"https:\\\/\\\/www.ascentria.org\\\/pt-pt\\\/comunidade\\\/participe\\\/voluntario\\\/#breadcrumb\"},\"inLanguage\":\"pt-PT\",\"potentialAction\":[{\"@type\":\"ReadAction\",\"target\":[\"https:\\\/\\\/www.ascentria.org\\\/pt-pt\\\/comunidade\\\/participe\\\/voluntario\\\/\"]}]},{\"@type\":\"ImageObject\",\"inLanguage\":\"pt-PT\",\"@id\":\"https:\\\/\\\/www.ascentria.org\\\/pt-pt\\\/comunidade\\\/participe\\\/voluntario\\\/#primaryimage\",\"url\":\"https:\\\/\\\/www.ascentria.org\\\/wp-content\\\/uploads\\\/2023\\\/12\\\/Volunteer-with-us.png\",\"contentUrl\":\"https:\\\/\\\/www.ascentria.org\\\/wp-content\\\/uploads\\\/2023\\\/12\\\/Volunteer-with-us.png\",\"width\":536,\"height\":302},{\"@type\":\"BreadcrumbList\",\"@id\":\"https:\\\/\\\/www.ascentria.org\\\/pt-pt\\\/comunidade\\\/participe\\\/voluntario\\\/#breadcrumb\",\"itemListElement\":[{\"@type\":\"ListItem\",\"position\":1,\"name\":\"Home\",\"item\":\"https:\\\/\\\/www.ascentria.org\\\/pt-pt\\\/\"},{\"@type\":\"ListItem\",\"position\":2,\"name\":\"Comunidade\",\"item\":\"https:\\\/\\\/www.ascentria.org\\\/pt-pt\\\/comunidade\\\/\"},{\"@type\":\"ListItem\",\"position\":3,\"name\":\"Participe\",\"item\":\"https:\\\/\\\/www.ascentria.org\\\/pt-pt\\\/comunidade\\\/participe\\\/\"},{\"@type\":\"ListItem\",\"position\":4,\"name\":\"Volunt\u00e1rio\"}]},{\"@type\":\"WebSite\",\"@id\":\"https:\\\/\\\/www.ascentria.org\\\/pt-pt\\\/#website\",\"url\":\"https:\\\/\\\/www.ascentria.org\\\/pt-pt\\\/\",\"name\":\"Ascentria Care Alliance\",\"description\":\"\",\"publisher\":{\"@id\":\"https:\\\/\\\/www.ascentria.org\\\/pt-pt\\\/#organization\"},\"potentialAction\":[{\"@type\":\"SearchAction\",\"target\":{\"@type\":\"EntryPoint\",\"urlTemplate\":\"https:\\\/\\\/www.ascentria.org\\\/pt-pt\\\/?s={search_term_string}\"},\"query-input\":{\"@type\":\"PropertyValueSpecification\",\"valueRequired\":true,\"valueName\":\"search_term_string\"}}],\"inLanguage\":\"pt-PT\"},{\"@type\":\"Organization\",\"@id\":\"https:\\\/\\\/www.ascentria.org\\\/pt-pt\\\/#organization\",\"name\":\"Ascentria Care Alliance\",\"url\":\"https:\\\/\\\/www.ascentria.org\\\/pt-pt\\\/\",\"logo\":{\"@type\":\"ImageObject\",\"inLanguage\":\"pt-PT\",\"@id\":\"https:\\\/\\\/www.ascentria.org\\\/pt-pt\\\/#\\\/schema\\\/logo\\\/image\\\/\",\"url\":\"https:\\\/\\\/www.ascentria.org\\\/wp-content\\\/uploads\\\/2023\\\/11\\\/asc-logo-horiz-light.png\",\"contentUrl\":\"https:\\\/\\\/www.ascentria.org\\\/wp-content\\\/uploads\\\/2023\\\/11\\\/asc-logo-horiz-light.png\",\"width\":1534,\"height\":424,\"caption\":\"Ascentria Care Alliance\"},\"image\":{\"@id\":\"https:\\\/\\\/www.ascentria.org\\\/pt-pt\\\/#\\\/schema\\\/logo\\\/image\\\/\"}}]}<\/script>\n<!-- \/ Yoast SEO Premium plugin. -->","yoast_head_json":{"title":"Volunt\u00e1rio - Ascentria Care Alliance","robots":{"index":"index","follow":"follow","max-snippet":"max-snippet:-1","max-image-preview":"max-image-preview:large","max-video-preview":"max-video-preview:-1"},"canonical":"https:\/\/www.ascentria.org\/pt-pt\/comunidade\/participe\/voluntario\/","og_locale":"pt_PT","og_type":"article","og_title":"Volunt\u00e1rio","og_description":"H\u00e1 uma variedade de oportunidades de voluntariado nos locais da Ascentria Care Alliance em toda a Nova Inglaterra. Pode optar por ser volunt\u00e1rio com um grupo, como indiv\u00edduo, numa base cont\u00ednua ou apenas uma vez.","og_url":"https:\/\/www.ascentria.org\/pt-pt\/comunidade\/participe\/voluntario\/","og_site_name":"Ascentria Care Alliance","article_modified_time":"2024-07-08T18:07:59+00:00","og_image":[{"width":536,"height":302,"url":"https:\/\/www.ascentria.org\/wp-content\/uploads\/2023\/12\/Volunteer-with-us.png","type":"image\/png"}],"twitter_card":"summary_large_image","twitter_misc":{"Tempo estimado de leitura":"1 minuto"},"schema":{"@context":"https:\/\/schema.org","@graph":[{"@type":"WebPage","@id":"https:\/\/www.ascentria.org\/pt-pt\/comunidade\/participe\/voluntario\/","url":"https:\/\/www.ascentria.org\/pt-pt\/comunidade\/participe\/voluntario\/","name":"Volunt\u00e1rio - Ascentria Care Alliance","isPartOf":{"@id":"https:\/\/www.ascentria.org\/pt-pt\/#website"},"primaryImageOfPage":{"@id":"https:\/\/www.ascentria.org\/pt-pt\/comunidade\/participe\/voluntario\/#primaryimage"},"image":{"@id":"https:\/\/www.ascentria.org\/pt-pt\/comunidade\/participe\/voluntario\/#primaryimage"},"thumbnailUrl":"https:\/\/www.ascentria.org\/wp-content\/uploads\/2023\/12\/Volunteer-with-us.png","datePublished":"2023-11-03T17:26:16+00:00","dateModified":"2024-07-08T18:07:59+00:00","breadcrumb":{"@id":"https:\/\/www.ascentria.org\/pt-pt\/comunidade\/participe\/voluntario\/#breadcrumb"},"inLanguage":"pt-PT","potentialAction":[{"@type":"ReadAction","target":["https:\/\/www.ascentria.org\/pt-pt\/comunidade\/participe\/voluntario\/"]}]},{"@type":"ImageObject","inLanguage":"pt-PT","@id":"https:\/\/www.ascentria.org\/pt-pt\/comunidade\/participe\/voluntario\/#primaryimage","url":"https:\/\/www.ascentria.org\/wp-content\/uploads\/2023\/12\/Volunteer-with-us.png","contentUrl":"https:\/\/www.ascentria.org\/wp-content\/uploads\/2023\/12\/Volunteer-with-us.png","width":536,"height":302},{"@type":"BreadcrumbList","@id":"https:\/\/www.ascentria.org\/pt-pt\/comunidade\/participe\/voluntario\/#breadcrumb","itemListElement":[{"@type":"ListItem","position":1,"name":"Home","item":"https:\/\/www.ascentria.org\/pt-pt\/"},{"@type":"ListItem","position":2,"name":"Comunidade","item":"https:\/\/www.ascentria.org\/pt-pt\/comunidade\/"},{"@type":"ListItem","position":3,"name":"Participe","item":"https:\/\/www.ascentria.org\/pt-pt\/comunidade\/participe\/"},{"@type":"ListItem","position":4,"name":"Volunt\u00e1rio"}]},{"@type":"WebSite","@id":"https:\/\/www.ascentria.org\/pt-pt\/#website","url":"https:\/\/www.ascentria.org\/pt-pt\/","name":"Ascentria Care Alliance","description":"","publisher":{"@id":"https:\/\/www.ascentria.org\/pt-pt\/#organization"},"potentialAction":[{"@type":"SearchAction","target":{"@type":"EntryPoint","urlTemplate":"https:\/\/www.ascentria.org\/pt-pt\/?s={search_term_string}"},"query-input":{"@type":"PropertyValueSpecification","valueRequired":true,"valueName":"search_term_string"}}],"inLanguage":"pt-PT"},{"@type":"Organization","@id":"https:\/\/www.ascentria.org\/pt-pt\/#organization","name":"Ascentria Care Alliance","url":"https:\/\/www.ascentria.org\/pt-pt\/","logo":{"@type":"ImageObject","inLanguage":"pt-PT","@id":"https:\/\/www.ascentria.org\/pt-pt\/#\/schema\/logo\/image\/","url":"https:\/\/www.ascentria.org\/wp-content\/uploads\/2023\/11\/asc-logo-horiz-light.png","contentUrl":"https:\/\/www.ascentria.org\/wp-content\/uploads\/2023\/11\/asc-logo-horiz-light.png","width":1534,"height":424,"caption":"Ascentria Care Alliance"},"image":{"@id":"https:\/\/www.ascentria.org\/pt-pt\/#\/schema\/logo\/image\/"}}]}},"_links":{"self":[{"href":"https:\/\/www.ascentria.org\/pt-pt\/wp-json\/wp\/v2\/pages\/6593","targetHints":{"allow":["GET"]}}],"collection":[{"href":"https:\/\/www.ascentria.org\/pt-pt\/wp-json\/wp\/v2\/pages"}],"about":[{"href":"https:\/\/www.ascentria.org\/pt-pt\/wp-json\/wp\/v2\/types\/page"}],"author":[{"embeddable":true,"href":"https:\/\/www.ascentria.org\/pt-pt\/wp-json\/wp\/v2\/users\/4"}],"replies":[{"embeddable":true,"href":"https:\/\/www.ascentria.org\/pt-pt\/wp-json\/wp\/v2\/comments?post=6593"}],"version-history":[{"count":0,"href":"https:\/\/www.ascentria.org\/pt-pt\/wp-json\/wp\/v2\/pages\/6593\/revisions"}],"up":[{"embeddable":true,"href":"https:\/\/www.ascentria.org\/pt-pt\/wp-json\/wp\/v2\/pages\/6691"}],"wp:featuredmedia":[{"embeddable":true,"href":"https:\/\/www.ascentria.org\/pt-pt\/wp-json\/wp\/v2\/media\/2583"}],"wp:attachment":[{"href":"https:\/\/www.ascentria.org\/pt-pt\/wp-json\/wp\/v2\/media?parent=6593"}],"curies":[{"name":"wp","href":"https:\/\/api.w.org\/{rel}","templated":true}]}}