{"id":6691,"date":"2023-12-07T12:54:02","date_gmt":"2023-12-07T17:54:02","guid":{"rendered":"https:\/\/ascentriacaprd.wpenginepowered.com\/participe\/"},"modified":"2024-07-08T14:08:44","modified_gmt":"2024-07-08T18:08:44","slug":"participe","status":"publish","type":"page","link":"https:\/\/www.ascentria.org\/pt-pt\/comunidade\/participe\/","title":{"rendered":"Participe"},"content":{"rendered":"\t\t<div data-elementor-type=\"wp-page\" data-elementor-id=\"6691\" class=\"elementor elementor-6691 elementor-969\" data-elementor-post-type=\"page\">\n\t\t\t\t<div class=\"elementor-element elementor-element-7fc8d337 elementor-hidden-mobile e-flex e-con-boxed e-con e-parent\" data-id=\"7fc8d337\" data-element_type=\"container\">\n\t\t\t\t\t<div class=\"e-con-inner\">\n\t\t\t\t<div class=\"elementor-element elementor-element-c10f88b elementor-widget elementor-widget-breadcrumbs\" data-id=\"c10f88b\" data-element_type=\"widget\" data-widget_type=\"breadcrumbs.default\">\n\t\t\t\t<div class=\"elementor-widget-container\">\n\t\t\t\t\t<p id=\"breadcrumbs\"><span><span><a href=\"https:\/\/www.ascentria.org\/pt-pt\/\">Home<\/a><\/span><\/span><\/p>\t\t\t\t<\/div>\n\t\t\t\t<\/div>\n\t\t\t\t\t<\/div>\n\t\t\t\t<\/div>\n\t\t<div class=\"elementor-element elementor-element-3abf5bef e-flex e-con-boxed e-con e-parent\" data-id=\"3abf5bef\" data-element_type=\"container\" data-settings=\"{&quot;background_background&quot;:&quot;classic&quot;}\">\n\t\t\t\t\t<div class=\"e-con-inner\">\n\t\t<div class=\"elementor-element elementor-element-388c8952 e-con-full e-flex e-con e-child\" data-id=\"388c8952\" data-element_type=\"container\">\n\t\t\t\t<div class=\"elementor-element elementor-element-37fe224b elementor-widget elementor-widget-heading\" data-id=\"37fe224b\" data-element_type=\"widget\" data-widget_type=\"heading.default\">\n\t\t\t\t<div class=\"elementor-widget-container\">\n\t\t\t\t\t<h3 class=\"elementor-heading-title elementor-size-default\">Participe<\/h3>\t\t\t\t<\/div>\n\t\t\t\t<\/div>\n\t\t\t\t<div class=\"elementor-element elementor-element-36eeb938 elementor-widget elementor-widget-spacer\" data-id=\"36eeb938\" data-element_type=\"widget\" data-widget_type=\"spacer.default\">\n\t\t\t\t<div class=\"elementor-widget-container\">\n\t\t\t\t\t\t\t<div class=\"elementor-spacer\">\n\t\t\t<div class=\"elementor-spacer-inner\"><\/div>\n\t\t<\/div>\n\t\t\t\t\t\t<\/div>\n\t\t\t\t<\/div>\n\t\t\t\t<div class=\"elementor-element elementor-element-3800260f elementor-widget elementor-widget-heading\" data-id=\"3800260f\" data-element_type=\"widget\" data-widget_type=\"heading.default\">\n\t\t\t\t<div class=\"elementor-widget-container\">\n\t\t\t\t\t<h2 class=\"elementor-heading-title elementor-size-default\">Defender, ser volunt\u00e1rio e muito mais!<\/h2>\t\t\t\t<\/div>\n\t\t\t\t<\/div>\n\t\t<div class=\"elementor-element elementor-element-2c9103d4 e-con-full e-flex e-con e-child\" data-id=\"2c9103d4\" data-element_type=\"container\">\n\t\t\t\t<div class=\"elementor-element elementor-element-239e1b01 elementor-widget elementor-widget-spacer\" data-id=\"239e1b01\" data-element_type=\"widget\" data-widget_type=\"spacer.default\">\n\t\t\t\t<div class=\"elementor-widget-container\">\n\t\t\t\t\t\t\t<div class=\"elementor-spacer\">\n\t\t\t<div class=\"elementor-spacer-inner\"><\/div>\n\t\t<\/div>\n\t\t\t\t\t\t<\/div>\n\t\t\t\t<\/div>\n\t\t\t\t<div class=\"elementor-element elementor-element-1ec05fa2 elementor-widget-divider--view-line elementor-widget elementor-widget-global elementor-global-226 elementor-widget-divider\" data-id=\"1ec05fa2\" data-element_type=\"widget\" data-widget_type=\"divider.default\">\n\t\t\t\t<div class=\"elementor-widget-container\">\n\t\t\t\t\t\t\t<div class=\"elementor-divider\">\n\t\t\t<span class=\"elementor-divider-separator\">\n\t\t\t\t\t\t<\/span>\n\t\t<\/div>\n\t\t\t\t\t\t<\/div>\n\t\t\t\t<\/div>\n\t\t\t\t<div class=\"elementor-element elementor-element-1c68accb elementor-widget elementor-widget-spacer\" data-id=\"1c68accb\" data-element_type=\"widget\" data-widget_type=\"spacer.default\">\n\t\t\t\t<div class=\"elementor-widget-container\">\n\t\t\t\t\t\t\t<div class=\"elementor-spacer\">\n\t\t\t<div class=\"elementor-spacer-inner\"><\/div>\n\t\t<\/div>\n\t\t\t\t\t\t<\/div>\n\t\t\t\t<\/div>\n\t\t\t\t<div class=\"elementor-element elementor-element-78537dd2 elementor-widget elementor-widget-text-editor\" data-id=\"78537dd2\" data-element_type=\"widget\" data-widget_type=\"text-editor.default\">\n\t\t\t\t<div class=\"elementor-widget-container\">\n\t\t\t\t\t\t\t\t\t<p>Tem algum talento, interesse ou experi\u00eancia que gostaria de partilhar? Tem paix\u00e3o por defender a mudan\u00e7a? Gosta de fazer uma diferen\u00e7a positiva na vida dos outros? Se sim, continue a ler para come\u00e7ar a fazer a diferen\u00e7a!  <\/p>\n\t\t\t\t\t\t\t\t<\/div>\n\t\t\t\t<\/div>\n\t\t\t\t<\/div>\n\t\t\t\t<div class=\"elementor-element elementor-element-795c664c elementor-widget elementor-widget-spacer\" data-id=\"795c664c\" data-element_type=\"widget\" data-widget_type=\"spacer.default\">\n\t\t\t\t<div class=\"elementor-widget-container\">\n\t\t\t\t\t\t\t<div class=\"elementor-spacer\">\n\t\t\t<div class=\"elementor-spacer-inner\"><\/div>\n\t\t<\/div>\n\t\t\t\t\t\t<\/div>\n\t\t\t\t<\/div>\n\t\t\t\t<\/div>\n\t\t\t\t\t<\/div>\n\t\t\t\t<\/div>\n\t\t<div class=\"elementor-element elementor-element-73bf96a e-flex e-con-boxed e-con e-parent\" data-id=\"73bf96a\" data-element_type=\"container\" data-settings=\"{&quot;background_background&quot;:&quot;classic&quot;}\">\n\t\t\t\t\t<div class=\"e-con-inner\">\n\t\t<div class=\"elementor-element elementor-element-56a4e49 e-flex e-con-boxed e-con e-child\" data-id=\"56a4e49\" data-element_type=\"container\">\n\t\t\t\t\t<div class=\"e-con-inner\">\n\t\t\t\t<div class=\"elementor-element elementor-element-046c1bb elementor-widget__width-initial elementor-cta--skin-classic elementor-animated-content elementor-bg-transform elementor-bg-transform-zoom-in elementor-widget elementor-widget-call-to-action\" data-id=\"046c1bb\" data-element_type=\"widget\" data-widget_type=\"call-to-action.default\">\n\t\t\t\t<div class=\"elementor-widget-container\">\n\t\t\t\t\t\t\t<div class=\"elementor-cta\">\n\t\t\t\t\t<div class=\"elementor-cta__bg-wrapper\">\n\t\t\t\t<div class=\"elementor-cta__bg elementor-bg\" style=\"background-image: url(https:\/\/www.ascentria.org\/wp-content\/uploads\/2023\/12\/advocate-1024x577.png);\" role=\"img\" aria-label=\"advocate\"><\/div>\n\t\t\t\t<div class=\"elementor-cta__bg-overlay\"><\/div>\n\t\t\t<\/div>\n\t\t\t\t\t\t\t<div class=\"elementor-cta__content\">\n\t\t\t\t\n\t\t\t\t\t\t\t\t\t<h2 class=\"elementor-cta__title elementor-cta__content-item elementor-content-item\">\n\t\t\t\t\t\tAs nossas ac\u00e7\u00f5es s\u00e3o importantes: Advogar<span data-metadata=\"&lt;!--(figmeta)eyJmaWxlS2V5IjoiYWVoVHJ2YWRyd3BSMkJBU0kyclpnSyIsInBhc3RlSUQiOjI4NzU4NjYzNSwiZGF0YVR5cGUiOiJzY2VuZSJ9Cg==(\/figmeta)--&gt;\"><\/span>\t\t\t\t\t<\/h2>\n\t\t\t\t\n\t\t\t\t\t\t\t\t\t<div class=\"elementor-cta__description elementor-cta__content-item elementor-content-item\">\n\t\t\t\t\t\t<p>Os apoiantes do Ascentria, trabalhando em conjunto com a nossa equipa de advocacia, est\u00e3o a tornar o mundo um lugar mais justo, lutando por pol\u00edticas que criam mudan\u00e7as reais nas comunidades da Nova Inglaterra. Estamos muito entusiasmados por oferecer uma nova forma de os apoiantes, como voc\u00ea, contactarem os seus representantes e defenderem pol\u00edticas. Clique no bot\u00e3o abaixo para explorar a nossa nova ferramenta de promo\u00e7\u00e3o.<\/p>\n\t\t\t\t\t<\/div>\n\t\t\t\t\n\t\t\t\t\t\t\t\t\t<div class=\"elementor-cta__button-wrapper elementor-cta__content-item elementor-content-item \">\n\t\t\t\t\t<a class=\"elementor-cta__button elementor-button elementor-size-\" href=\"https:\/\/www.ascentria.org\/community\/get-involved\/advocate\/\">\n\t\t\t\t\t\tAdvogar hoje\t\t\t\t\t<\/a>\n\t\t\t\t\t<\/div>\n\t\t\t\t\t\t\t<\/div>\n\t\t\t\t\t\t<\/div>\n\t\t\t\t\t\t<\/div>\n\t\t\t\t<\/div>\n\t\t\t\t<div class=\"elementor-element elementor-element-4c803ec elementor-widget__width-initial elementor-cta--skin-classic elementor-animated-content elementor-bg-transform elementor-bg-transform-zoom-in elementor-widget elementor-widget-call-to-action\" data-id=\"4c803ec\" data-element_type=\"widget\" data-widget_type=\"call-to-action.default\">\n\t\t\t\t<div class=\"elementor-widget-container\">\n\t\t\t\t\t\t\t<div class=\"elementor-cta\">\n\t\t\t\t\t<div class=\"elementor-cta__bg-wrapper\">\n\t\t\t\t<div class=\"elementor-cta__bg elementor-bg\" style=\"background-image: url(https:\/\/www.ascentria.org\/wp-content\/uploads\/2023\/12\/Volunteer-with-us.png);\" role=\"img\" aria-label=\"Volunteer-with-us\"><\/div>\n\t\t\t\t<div class=\"elementor-cta__bg-overlay\"><\/div>\n\t\t\t<\/div>\n\t\t\t\t\t\t\t<div class=\"elementor-cta__content\">\n\t\t\t\t\n\t\t\t\t\t\t\t\t\t<h2 class=\"elementor-cta__title elementor-cta__content-item elementor-content-item\">\n\t\t\t\t\t\tVolunt\u00e1rio\t\t\t\t\t<\/h2>\n\t\t\t\t\n\t\t\t\t\t\t\t\t\t<div class=\"elementor-cta__description elementor-cta__content-item elementor-content-item\">\n\t\t\t\t\t\t<p>Dar aulas de refor\u00e7o, orienta\u00e7\u00e3o, cuidados infantis, servi\u00e7os profissionais pro-bono e forma\u00e7\u00e3o de compet\u00eancias s\u00e3o apenas alguns exemplos de como os nossos volunt\u00e1rios ajudam a criar mudan\u00e7as reais e duradouras nos outros.<\/p>\n<p>H\u00e1 uma variedade de oportunidades de voluntariado nos locais da Ascentria Care Alliance em toda a Nova Inglaterra. Pode optar por ser volunt\u00e1rio com um grupo, como indiv\u00edduo, numa base cont\u00ednua ou apenas uma vez.<\/p>\n\t\t\t\t\t<\/div>\n\t\t\t\t\n\t\t\t\t\t\t\t\t\t<div class=\"elementor-cta__button-wrapper elementor-cta__content-item elementor-content-item \">\n\t\t\t\t\t<a class=\"elementor-cta__button elementor-button elementor-size-\" href=\"https:\/\/ascentriacaprd.wpenginepowered.com\/community\/get-involved-i-want-to\/volunteer\/\">\n\t\t\t\t\t\tINFORME-SE SOBRE AS OPORTUNIDADES\t\t\t\t\t<\/a>\n\t\t\t\t\t<\/div>\n\t\t\t\t\t\t\t<\/div>\n\t\t\t\t\t\t<\/div>\n\t\t\t\t\t\t<\/div>\n\t\t\t\t<\/div>\n\t\t\t\t<div class=\"elementor-element elementor-element-f7b8adb elementor-widget__width-initial elementor-cta--skin-classic elementor-animated-content elementor-bg-transform elementor-bg-transform-zoom-in elementor-widget elementor-widget-call-to-action\" data-id=\"f7b8adb\" data-element_type=\"widget\" data-widget_type=\"call-to-action.default\">\n\t\t\t\t<div class=\"elementor-widget-container\">\n\t\t\t\t\t\t\t<div class=\"elementor-cta\">\n\t\t\t\t\t<div class=\"elementor-cta__bg-wrapper\">\n\t\t\t\t<div class=\"elementor-cta__bg elementor-bg\" style=\"background-image: url(https:\/\/www.ascentria.org\/wp-content\/uploads\/2023\/12\/Neighborhood-Support-Team-1-1024x577.png);\" role=\"img\" aria-label=\"Neighborhood-Support-Team-(1)\"><\/div>\n\t\t\t\t<div class=\"elementor-cta__bg-overlay\"><\/div>\n\t\t\t<\/div>\n\t\t\t\t\t\t\t<div class=\"elementor-cta__content\">\n\t\t\t\t\n\t\t\t\t\t\t\t\t\t<h2 class=\"elementor-cta__title elementor-cta__content-item elementor-content-item\">\n\t\t\t\t\t\tJunte-se ou forme uma equipa de apoio \u00e0 vizinhan\u00e7a\t\t\t\t\t<\/h2>\n\t\t\t\t\n\t\t\t\t\t\t\t\t\t<div class=\"elementor-cta__description elementor-cta__content-item elementor-content-item\">\n\t\t\t\t\t\t<p>As Equipas de Apoio da Vizinhan\u00e7a (NSTs) trabalham em conjunto com os gestores de casos da Ascentria para ajudar as fam\u00edlias e indiv\u00edduos refugiados a aceder a recursos, recuperar e curar, e construir vidas auto-suficientes aqui nos EUA. As NSTs s\u00e3o formadas quando uma comunidade decide que quer assumir o compromisso de patrocinar um indiv\u00edduo ou fam\u00edlia, fornecendo apoio at\u00e9 um ano.<\/p>\n\t\t\t\t\t<\/div>\n\t\t\t\t\n\t\t\t\t\t\t\t\t\t<div class=\"elementor-cta__button-wrapper elementor-cta__content-item elementor-content-item \">\n\t\t\t\t\t<a class=\"elementor-cta__button elementor-button elementor-size-\" href=\"https:\/\/www.ascentria.org\/neighborhood-support-team\/\">\n\t\t\t\t\t\tSAIBA MAIS\t\t\t\t\t<\/a>\n\t\t\t\t\t<\/div>\n\t\t\t\t\t\t\t<\/div>\n\t\t\t\t\t\t<\/div>\n\t\t\t\t\t\t<\/div>\n\t\t\t\t<\/div>\n\t\t\t\t<div class=\"elementor-element elementor-element-978489d elementor-widget__width-initial elementor-cta--skin-classic elementor-animated-content elementor-bg-transform elementor-bg-transform-zoom-in elementor-widget elementor-widget-call-to-action\" data-id=\"978489d\" data-element_type=\"widget\" data-widget_type=\"call-to-action.default\">\n\t\t\t\t<div class=\"elementor-widget-container\">\n\t\t\t\t\t\t\t<div class=\"elementor-cta\">\n\t\t\t\t\t<div class=\"elementor-cta__bg-wrapper\">\n\t\t\t\t<div class=\"elementor-cta__bg elementor-bg\" style=\"background-image: url(https:\/\/www.ascentria.org\/wp-content\/uploads\/2023\/12\/Teen-Parenting-6-1024x484.png);\" role=\"img\" aria-label=\"Teen-Parenting-(6)\"><\/div>\n\t\t\t\t<div class=\"elementor-cta__bg-overlay\"><\/div>\n\t\t\t<\/div>\n\t\t\t\t\t\t\t<div class=\"elementor-cta__content\">\n\t\t\t\t\n\t\t\t\t\t\t\t\t\t<h2 class=\"elementor-cta__title elementor-cta__content-item elementor-content-item\">\n\t\t\t\t\t\tDoar: Ajudar os vizinhos a atingir os seus objectivos\t\t\t\t\t<\/h2>\n\t\t\t\t\n\t\t\t\t\t\t\t\t\t<div class=\"elementor-cta__description elementor-cta__content-item elementor-content-item\">\n\t\t\t\t\t\t<p>O seu donativo ajuda os indiv\u00edduos e as fam\u00edlias que participam nos nossos programas a tornarem-se auto-suficientes e confiantes na sua capacidade n\u00e3o s\u00f3 de enfrentar os desafios da vida, mas tamb\u00e9m de prosperar. N\u00e3o o podemos fazer sem si!  <\/p>\n<p>Sua doa\u00e7\u00e3o para a Ascentria \u00e9 dedut\u00edvel do imposto de renda, conforme permitido por lei, e far\u00e1 a diferen\u00e7a na vida de outras pessoas.<\/p>\n\t\t\t\t\t<\/div>\n\t\t\t\t\n\t\t\t\t\t\t\t\t\t<div class=\"elementor-cta__button-wrapper elementor-cta__content-item elementor-content-item \">\n\t\t\t\t\t<a class=\"elementor-cta__button elementor-button elementor-size-\" href=\"https:\/\/www.ascentria.org\/community\/support-our-mission\/donate-today\/\">\n\t\t\t\t\t\tDOAR AGORA\t\t\t\t\t<\/a>\n\t\t\t\t\t<\/div>\n\t\t\t\t\t\t\t<\/div>\n\t\t\t\t\t\t<\/div>\n\t\t\t\t\t\t<\/div>\n\t\t\t\t<\/div>\n\t\t\t\t<div class=\"elementor-element elementor-element-59d1bed elementor-widget__width-initial elementor-cta--skin-classic elementor-animated-content elementor-bg-transform elementor-bg-transform-zoom-in elementor-widget elementor-widget-call-to-action\" data-id=\"59d1bed\" data-element_type=\"widget\" data-widget_type=\"call-to-action.default\">\n\t\t\t\t<div class=\"elementor-widget-container\">\n\t\t\t\t\t\t\t<div class=\"elementor-cta\">\n\t\t\t\t\t<div class=\"elementor-cta__bg-wrapper\">\n\t\t\t\t<div class=\"elementor-cta__bg elementor-bg\" style=\"background-image: url(https:\/\/www.ascentria.org\/wp-content\/uploads\/2023\/12\/Donate-Your-Car-1024x577.png);\" role=\"img\" aria-label=\"Donate-Your-Car\"><\/div>\n\t\t\t\t<div class=\"elementor-cta__bg-overlay\"><\/div>\n\t\t\t<\/div>\n\t\t\t\t\t\t\t<div class=\"elementor-cta__content\">\n\t\t\t\t\n\t\t\t\t\t\t\t\t\t<h2 class=\"elementor-cta__title elementor-cta__content-item elementor-content-item\">\n\t\t\t\t\t\tDoe o seu ve\u00edculo usado\t\t\t\t\t<\/h2>\n\t\t\t\t\n\t\t\t\t\t\t\t\t\t<div class=\"elementor-cta__description elementor-cta__content-item elementor-content-item\">\n\t\t\t\t\t\t<p>Mais de 5.500 carros doados foram reformados e entregues a fam\u00edlias da Nova Inglaterra por meio do Programa Garagem de Boas Novas do Ascentria.<\/p>\n<p>A nossa miss\u00e3o \u00e9 criar oportunidades econ\u00f3micas, fornecendo op\u00e7\u00f5es de transporte acess\u00edveis e fi\u00e1veis a indiv\u00edduos e fam\u00edlias com baixos rendimentos.<\/p>\n\t\t\t\t\t<\/div>\n\t\t\t\t\n\t\t\t\t\t\t\t\t\t<div class=\"elementor-cta__button-wrapper elementor-cta__content-item elementor-content-item \">\n\t\t\t\t\t<a class=\"elementor-cta__button elementor-button elementor-size-\" href=\"https:\/\/www.ascentria.org\/service\/good-news-garage\/\">\n\t\t\t\t\t\tSAIBA MAIS\t\t\t\t\t<\/a>\n\t\t\t\t\t<\/div>\n\t\t\t\t\t\t\t<\/div>\n\t\t\t\t\t\t<\/div>\n\t\t\t\t\t\t<\/div>\n\t\t\t\t<\/div>\n\t\t\t\t<div class=\"elementor-element elementor-element-bafdcfb elementor-widget__width-initial elementor-cta--skin-classic elementor-animated-content elementor-bg-transform elementor-bg-transform-zoom-in elementor-widget elementor-widget-call-to-action\" data-id=\"bafdcfb\" data-element_type=\"widget\" data-widget_type=\"call-to-action.default\">\n\t\t\t\t<div class=\"elementor-widget-container\">\n\t\t\t\t\t\t\t<div class=\"elementor-cta\">\n\t\t\t\t\t<div class=\"elementor-cta__bg-wrapper\">\n\t\t\t\t<div class=\"elementor-cta__bg elementor-bg\" style=\"background-image: url(https:\/\/www.ascentria.org\/wp-content\/uploads\/2023\/12\/Ascentria-Children-and-Family-Services-Photos-02.png);\" role=\"img\" aria-label=\"Ascentria-Children-and-Family-Services-Photos-02\"><\/div>\n\t\t\t\t<div class=\"elementor-cta__bg-overlay\"><\/div>\n\t\t\t<\/div>\n\t\t\t\t\t\t\t<div class=\"elementor-cta__content\">\n\t\t\t\t\n\t\t\t\t\t\t\t\t\t<h2 class=\"elementor-cta__title elementor-cta__content-item elementor-content-item\">\n\t\t\t\t\t\tTornar-se um pai adotivo\t\t\t\t\t<\/h2>\n\t\t\t\t\n\t\t\t\t\t\t\t\t\t<div class=\"elementor-cta__description elementor-cta__content-item elementor-content-item\">\n\t\t\t\t\t\t<p>A Ascentria oferece um conjunto cont\u00ednuo de programas comunit\u00e1rios para fam\u00edlias, crian\u00e7as e adolescentes em risco que constroem e apoiam fam\u00edlias fortes e acolhedoras. Acreditamos que todas as crian\u00e7as merecem um lar permanente, seguro e amoroso. Para o efeito, servimos as crian\u00e7as e as fam\u00edlias atrav\u00e9s de uma s\u00e9rie de servi\u00e7os de apoio, terap\u00eauticos e educativos que as ajudam a ultrapassar as dif\u00edceis transi\u00e7\u00f5es da vida, com o objetivo de lhes proporcionar seguran\u00e7a e carinho, oportunidades para um desenvolvimento pessoal e social saud\u00e1vel e recursos que lhes servir\u00e3o para o resto das suas vidas.<\/p>\n\t\t\t\t\t<\/div>\n\t\t\t\t\n\t\t\t\t\t\t\t\t\t<div class=\"elementor-cta__button-wrapper elementor-cta__content-item elementor-content-item \">\n\t\t\t\t\t<a class=\"elementor-cta__button elementor-button elementor-size-\" href=\"https:\/\/www.ascentria.org\/service\/intensive-foster-care\/\">\n\t\t\t\t\t\tSaiba mais\t\t\t\t\t<\/a>\n\t\t\t\t\t<\/div>\n\t\t\t\t\t\t\t<\/div>\n\t\t\t\t\t\t<\/div>\n\t\t\t\t\t\t<\/div>\n\t\t\t\t<\/div>\n\t\t\t\t\t<\/div>\n\t\t\t\t<\/div>\n\t\t\t\t\t<\/div>\n\t\t\t\t<\/div>\n\t\t\t\t<\/div>\n\t\t","protected":false},"excerpt":{"rendered":"<p>Tem algum talento, interesse ou experi\u00eancia que gostaria de partilhar? Tem paix\u00e3o por defender a mudan\u00e7a? Gosta de fazer uma diferen\u00e7a positiva na vida dos outros? Se sim, continue a ler para come\u00e7ar a fazer a diferen\u00e7a!  <\/p>\n","protected":false},"author":5,"featured_media":0,"parent":7017,"menu_order":1,"comment_status":"closed","ping_status":"closed","template":"","meta":{"_acf_changed":false,"content-type":"","om_disable_all_campaigns":false,"footnotes":""},"class_list":["post-6691","page","type-page","status-publish","hentry"],"acf":[],"yoast_head":"<!-- This site is optimized with the Yoast SEO Premium plugin v27.3 (Yoast SEO v27.3) - https:\/\/yoast.com\/product\/yoast-seo-premium-wordpress\/ -->\n<title>Participe - Ascentria Care Alliance<\/title>\n<meta name=\"robots\" content=\"index, follow, max-snippet:-1, max-image-preview:large, max-video-preview:-1\" \/>\n<link rel=\"canonical\" href=\"https:\/\/www.ascentria.org\/pt-pt\/comunidade\/participe\/\" \/>\n<meta property=\"og:locale\" content=\"pt_PT\" \/>\n<meta property=\"og:type\" content=\"article\" \/>\n<meta property=\"og:title\" content=\"Participe\" \/>\n<meta property=\"og:description\" content=\"Tem algum talento, interesse ou experi\u00eancia que gostaria de partilhar? Tem paix\u00e3o por defender a mudan\u00e7a? Gosta de fazer uma diferen\u00e7a positiva na vida dos outros? Se sim, continue a ler para come\u00e7ar a fazer a diferen\u00e7a!\" \/>\n<meta property=\"og:url\" content=\"https:\/\/www.ascentria.org\/pt-pt\/comunidade\/participe\/\" \/>\n<meta property=\"og:site_name\" content=\"Ascentria Care Alliance\" \/>\n<meta property=\"article:modified_time\" content=\"2024-07-08T18:08:44+00:00\" \/>\n<meta name=\"twitter:card\" content=\"summary_large_image\" \/>\n<meta name=\"twitter:label1\" content=\"Tempo estimado de leitura\" \/>\n\t<meta name=\"twitter:data1\" content=\"3 minutos\" \/>\n<script type=\"application\/ld+json\" class=\"yoast-schema-graph\">{\"@context\":\"https:\\\/\\\/schema.org\",\"@graph\":[{\"@type\":\"WebPage\",\"@id\":\"https:\\\/\\\/www.ascentria.org\\\/pt-pt\\\/comunidade\\\/participe\\\/\",\"url\":\"https:\\\/\\\/www.ascentria.org\\\/pt-pt\\\/comunidade\\\/participe\\\/\",\"name\":\"Participe - Ascentria Care Alliance\",\"isPartOf\":{\"@id\":\"https:\\\/\\\/www.ascentria.org\\\/pt-pt\\\/#website\"},\"datePublished\":\"2023-12-07T17:54:02+00:00\",\"dateModified\":\"2024-07-08T18:08:44+00:00\",\"breadcrumb\":{\"@id\":\"https:\\\/\\\/www.ascentria.org\\\/pt-pt\\\/comunidade\\\/participe\\\/#breadcrumb\"},\"inLanguage\":\"pt-PT\",\"potentialAction\":[{\"@type\":\"ReadAction\",\"target\":[\"https:\\\/\\\/www.ascentria.org\\\/pt-pt\\\/comunidade\\\/participe\\\/\"]}]},{\"@type\":\"BreadcrumbList\",\"@id\":\"https:\\\/\\\/www.ascentria.org\\\/pt-pt\\\/comunidade\\\/participe\\\/#breadcrumb\",\"itemListElement\":[{\"@type\":\"ListItem\",\"position\":1,\"name\":\"Home\",\"item\":\"https:\\\/\\\/www.ascentria.org\\\/pt-pt\\\/\"},{\"@type\":\"ListItem\",\"position\":2,\"name\":\"Comunidade\",\"item\":\"https:\\\/\\\/www.ascentria.org\\\/pt-pt\\\/comunidade\\\/\"},{\"@type\":\"ListItem\",\"position\":3,\"name\":\"Participe\"}]},{\"@type\":\"WebSite\",\"@id\":\"https:\\\/\\\/www.ascentria.org\\\/pt-pt\\\/#website\",\"url\":\"https:\\\/\\\/www.ascentria.org\\\/pt-pt\\\/\",\"name\":\"Ascentria Care Alliance\",\"description\":\"\",\"publisher\":{\"@id\":\"https:\\\/\\\/www.ascentria.org\\\/pt-pt\\\/#organization\"},\"potentialAction\":[{\"@type\":\"SearchAction\",\"target\":{\"@type\":\"EntryPoint\",\"urlTemplate\":\"https:\\\/\\\/www.ascentria.org\\\/pt-pt\\\/?s={search_term_string}\"},\"query-input\":{\"@type\":\"PropertyValueSpecification\",\"valueRequired\":true,\"valueName\":\"search_term_string\"}}],\"inLanguage\":\"pt-PT\"},{\"@type\":\"Organization\",\"@id\":\"https:\\\/\\\/www.ascentria.org\\\/pt-pt\\\/#organization\",\"name\":\"Ascentria Care Alliance\",\"url\":\"https:\\\/\\\/www.ascentria.org\\\/pt-pt\\\/\",\"logo\":{\"@type\":\"ImageObject\",\"inLanguage\":\"pt-PT\",\"@id\":\"https:\\\/\\\/www.ascentria.org\\\/pt-pt\\\/#\\\/schema\\\/logo\\\/image\\\/\",\"url\":\"https:\\\/\\\/www.ascentria.org\\\/wp-content\\\/uploads\\\/2023\\\/11\\\/asc-logo-horiz-light.png\",\"contentUrl\":\"https:\\\/\\\/www.ascentria.org\\\/wp-content\\\/uploads\\\/2023\\\/11\\\/asc-logo-horiz-light.png\",\"width\":1534,\"height\":424,\"caption\":\"Ascentria Care Alliance\"},\"image\":{\"@id\":\"https:\\\/\\\/www.ascentria.org\\\/pt-pt\\\/#\\\/schema\\\/logo\\\/image\\\/\"}}]}<\/script>\n<!-- \/ Yoast SEO Premium plugin. -->","yoast_head_json":{"title":"Participe - Ascentria Care Alliance","robots":{"index":"index","follow":"follow","max-snippet":"max-snippet:-1","max-image-preview":"max-image-preview:large","max-video-preview":"max-video-preview:-1"},"canonical":"https:\/\/www.ascentria.org\/pt-pt\/comunidade\/participe\/","og_locale":"pt_PT","og_type":"article","og_title":"Participe","og_description":"Tem algum talento, interesse ou experi\u00eancia que gostaria de partilhar? Tem paix\u00e3o por defender a mudan\u00e7a? Gosta de fazer uma diferen\u00e7a positiva na vida dos outros? Se sim, continue a ler para come\u00e7ar a fazer a diferen\u00e7a!","og_url":"https:\/\/www.ascentria.org\/pt-pt\/comunidade\/participe\/","og_site_name":"Ascentria Care Alliance","article_modified_time":"2024-07-08T18:08:44+00:00","twitter_card":"summary_large_image","twitter_misc":{"Tempo estimado de leitura":"3 minutos"},"schema":{"@context":"https:\/\/schema.org","@graph":[{"@type":"WebPage","@id":"https:\/\/www.ascentria.org\/pt-pt\/comunidade\/participe\/","url":"https:\/\/www.ascentria.org\/pt-pt\/comunidade\/participe\/","name":"Participe - Ascentria Care Alliance","isPartOf":{"@id":"https:\/\/www.ascentria.org\/pt-pt\/#website"},"datePublished":"2023-12-07T17:54:02+00:00","dateModified":"2024-07-08T18:08:44+00:00","breadcrumb":{"@id":"https:\/\/www.ascentria.org\/pt-pt\/comunidade\/participe\/#breadcrumb"},"inLanguage":"pt-PT","potentialAction":[{"@type":"ReadAction","target":["https:\/\/www.ascentria.org\/pt-pt\/comunidade\/participe\/"]}]},{"@type":"BreadcrumbList","@id":"https:\/\/www.ascentria.org\/pt-pt\/comunidade\/participe\/#breadcrumb","itemListElement":[{"@type":"ListItem","position":1,"name":"Home","item":"https:\/\/www.ascentria.org\/pt-pt\/"},{"@type":"ListItem","position":2,"name":"Comunidade","item":"https:\/\/www.ascentria.org\/pt-pt\/comunidade\/"},{"@type":"ListItem","position":3,"name":"Participe"}]},{"@type":"WebSite","@id":"https:\/\/www.ascentria.org\/pt-pt\/#website","url":"https:\/\/www.ascentria.org\/pt-pt\/","name":"Ascentria Care Alliance","description":"","publisher":{"@id":"https:\/\/www.ascentria.org\/pt-pt\/#organization"},"potentialAction":[{"@type":"SearchAction","target":{"@type":"EntryPoint","urlTemplate":"https:\/\/www.ascentria.org\/pt-pt\/?s={search_term_string}"},"query-input":{"@type":"PropertyValueSpecification","valueRequired":true,"valueName":"search_term_string"}}],"inLanguage":"pt-PT"},{"@type":"Organization","@id":"https:\/\/www.ascentria.org\/pt-pt\/#organization","name":"Ascentria Care Alliance","url":"https:\/\/www.ascentria.org\/pt-pt\/","logo":{"@type":"ImageObject","inLanguage":"pt-PT","@id":"https:\/\/www.ascentria.org\/pt-pt\/#\/schema\/logo\/image\/","url":"https:\/\/www.ascentria.org\/wp-content\/uploads\/2023\/11\/asc-logo-horiz-light.png","contentUrl":"https:\/\/www.ascentria.org\/wp-content\/uploads\/2023\/11\/asc-logo-horiz-light.png","width":1534,"height":424,"caption":"Ascentria Care Alliance"},"image":{"@id":"https:\/\/www.ascentria.org\/pt-pt\/#\/schema\/logo\/image\/"}}]}},"_links":{"self":[{"href":"https:\/\/www.ascentria.org\/pt-pt\/wp-json\/wp\/v2\/pages\/6691","targetHints":{"allow":["GET"]}}],"collection":[{"href":"https:\/\/www.ascentria.org\/pt-pt\/wp-json\/wp\/v2\/pages"}],"about":[{"href":"https:\/\/www.ascentria.org\/pt-pt\/wp-json\/wp\/v2\/types\/page"}],"author":[{"embeddable":true,"href":"https:\/\/www.ascentria.org\/pt-pt\/wp-json\/wp\/v2\/users\/5"}],"replies":[{"embeddable":true,"href":"https:\/\/www.ascentria.org\/pt-pt\/wp-json\/wp\/v2\/comments?post=6691"}],"version-history":[{"count":0,"href":"https:\/\/www.ascentria.org\/pt-pt\/wp-json\/wp\/v2\/pages\/6691\/revisions"}],"up":[{"embeddable":true,"href":"https:\/\/www.ascentria.org\/pt-pt\/wp-json\/wp\/v2\/pages\/7017"}],"wp:attachment":[{"href":"https:\/\/www.ascentria.org\/pt-pt\/wp-json\/wp\/v2\/media?parent=6691"}],"curies":[{"name":"wp","href":"https:\/\/api.w.org\/{rel}","templated":true}]}}