{"id":6874,"date":"2023-12-11T15:12:31","date_gmt":"2023-12-11T20:12:31","guid":{"rendered":"https:\/\/ascentriacaprd.wpenginepowered.com\/cong-dong\/ho-tro-su-menh-cua-chung-toi\/tang-mot-chiec-o-to\/"},"modified":"2023-12-11T15:12:31","modified_gmt":"2023-12-11T20:12:31","slug":"tang-mot-chiec-o-to","status":"publish","type":"page","link":"https:\/\/www.ascentria.org\/vi\/cong-dong\/ho-tro-su-menh-cua-chung-toi\/tang-mot-chiec-o-to\/","title":{"rendered":"T\u1eb7ng m\u1ed9t chi\u1ebfc \u00f4 t\u00f4"},"content":{"rendered":"","protected":false},"excerpt":{"rendered":"<p>H\u01a1n 5.500 chi\u1ebfc \u00f4 t\u00f4 quy\u00ean g\u00f3p \u0111\u00e3 \u0111\u01b0\u1ee3c t\u00e2n trang l\u1ea1i v\u00e0 trao t\u1eb7ng cho c\u00e1c gia \u0111\u00ecnh \u1edf New England th\u00f4ng qua Ch\u01b0\u01a1ng tr\u00ecnh Nh\u00e0 \u0111\u1ec3 xe Good News c\u1ee7a Ascentria.<\/p>\n","protected":false},"author":5,"featured_media":0,"parent":6857,"menu_order":3,"comment_status":"closed","ping_status":"closed","template":"","meta":{"_acf_changed":false,"content-type":"","om_disable_all_campaigns":false,"footnotes":""},"class_list":["post-6874","page","type-page","status-publish","hentry"],"acf":[],"yoast_head":"<!-- This site is optimized with the Yoast SEO Premium plugin v27.2 (Yoast SEO v27.2) - https:\/\/yoast.com\/product\/yoast-seo-premium-wordpress\/ -->\n<title>T\u1eb7ng m\u1ed9t chi\u1ebfc \u00f4 t\u00f4 - Ascentria Care Alliance<\/title>\n<meta name=\"robots\" content=\"index, follow, max-snippet:-1, max-image-preview:large, max-video-preview:-1\" \/>\n<link rel=\"canonical\" href=\"https:\/\/www.ascentria.org\/vi\/cong-dong\/ho-tro-su-menh-cua-chung-toi\/tang-mot-chiec-o-to\/\" \/>\n<meta property=\"og:locale\" content=\"vi_VN\" \/>\n<meta property=\"og:type\" content=\"article\" \/>\n<meta property=\"og:title\" content=\"T\u1eb7ng m\u1ed9t chi\u1ebfc \u00f4 t\u00f4\" \/>\n<meta property=\"og:description\" content=\"H\u01a1n 5.500 chi\u1ebfc \u00f4 t\u00f4 quy\u00ean g\u00f3p \u0111\u00e3 \u0111\u01b0\u1ee3c t\u00e2n trang l\u1ea1i v\u00e0 trao t\u1eb7ng cho c\u00e1c gia \u0111\u00ecnh \u1edf New England th\u00f4ng qua Ch\u01b0\u01a1ng tr\u00ecnh Nh\u00e0 \u0111\u1ec3 xe Good News c\u1ee7a Ascentria.\" \/>\n<meta property=\"og:url\" content=\"https:\/\/www.ascentria.org\/vi\/cong-dong\/ho-tro-su-menh-cua-chung-toi\/tang-mot-chiec-o-to\/\" \/>\n<meta property=\"og:site_name\" content=\"Ascentria Care Alliance\" \/>\n<meta name=\"twitter:card\" content=\"summary_large_image\" \/>\n<script type=\"application\/ld+json\" class=\"yoast-schema-graph\">{\"@context\":\"https:\/\/schema.org\",\"@graph\":[{\"@type\":\"WebPage\",\"@id\":\"https:\/\/www.ascentria.org\/vi\/cong-dong\/ho-tro-su-menh-cua-chung-toi\/tang-mot-chiec-o-to\/\",\"url\":\"https:\/\/www.ascentria.org\/vi\/cong-dong\/ho-tro-su-menh-cua-chung-toi\/tang-mot-chiec-o-to\/\",\"name\":\"T\u1eb7ng m\u1ed9t chi\u1ebfc \u00f4 t\u00f4 - Ascentria Care Alliance\",\"isPartOf\":{\"@id\":\"https:\/\/www.ascentria.org\/vi\/#website\"},\"datePublished\":\"2023-12-11T20:12:31+00:00\",\"breadcrumb\":{\"@id\":\"https:\/\/www.ascentria.org\/vi\/cong-dong\/ho-tro-su-menh-cua-chung-toi\/tang-mot-chiec-o-to\/#breadcrumb\"},\"inLanguage\":\"vi-VN\",\"potentialAction\":[{\"@type\":\"ReadAction\",\"target\":[\"https:\/\/www.ascentria.org\/vi\/cong-dong\/ho-tro-su-menh-cua-chung-toi\/tang-mot-chiec-o-to\/\"]}]},{\"@type\":\"BreadcrumbList\",\"@id\":\"https:\/\/www.ascentria.org\/vi\/cong-dong\/ho-tro-su-menh-cua-chung-toi\/tang-mot-chiec-o-to\/#breadcrumb\",\"itemListElement\":[{\"@type\":\"ListItem\",\"position\":1,\"name\":\"Home\",\"item\":\"https:\/\/www.ascentria.org\/vi\/\"},{\"@type\":\"ListItem\",\"position\":2,\"name\":\"C\u1ed9ng \u0111\u1ed3ng\",\"item\":\"https:\/\/www.ascentria.org\/vi\/cong-dong\/\"},{\"@type\":\"ListItem\",\"position\":3,\"name\":\"H\u1ed7 tr\u1ee3 s\u1ee9 m\u1ec7nh c\u1ee7a ch\u00fang t\u00f4i\",\"item\":\"https:\/\/www.ascentria.org\/vi\/cong-dong\/ho-tro-su-menh-cua-chung-toi\/\"},{\"@type\":\"ListItem\",\"position\":4,\"name\":\"T\u1eb7ng m\u1ed9t chi\u1ebfc \u00f4 t\u00f4\"}]},{\"@type\":\"WebSite\",\"@id\":\"https:\/\/www.ascentria.org\/vi\/#website\",\"url\":\"https:\/\/www.ascentria.org\/vi\/\",\"name\":\"Ascentria Care Alliance\",\"description\":\"\",\"publisher\":{\"@id\":\"https:\/\/www.ascentria.org\/vi\/#organization\"},\"potentialAction\":[{\"@type\":\"SearchAction\",\"target\":{\"@type\":\"EntryPoint\",\"urlTemplate\":\"https:\/\/www.ascentria.org\/vi\/?s={search_term_string}\"},\"query-input\":{\"@type\":\"PropertyValueSpecification\",\"valueRequired\":true,\"valueName\":\"search_term_string\"}}],\"inLanguage\":\"vi-VN\"},{\"@type\":\"Organization\",\"@id\":\"https:\/\/www.ascentria.org\/vi\/#organization\",\"name\":\"Ascentria Care Alliance\",\"url\":\"https:\/\/www.ascentria.org\/vi\/\",\"logo\":{\"@type\":\"ImageObject\",\"inLanguage\":\"vi-VN\",\"@id\":\"https:\/\/www.ascentria.org\/vi\/#\/schema\/logo\/image\/\",\"url\":\"https:\/\/www.ascentria.org\/wp-content\/uploads\/2023\/11\/asc-logo-horiz-light.png\",\"contentUrl\":\"https:\/\/www.ascentria.org\/wp-content\/uploads\/2023\/11\/asc-logo-horiz-light.png\",\"width\":1534,\"height\":424,\"caption\":\"Ascentria Care Alliance\"},\"image\":{\"@id\":\"https:\/\/www.ascentria.org\/vi\/#\/schema\/logo\/image\/\"}}]}<\/script>\n<!-- \/ Yoast SEO Premium plugin. -->","yoast_head_json":{"title":"T\u1eb7ng m\u1ed9t chi\u1ebfc \u00f4 t\u00f4 - Ascentria Care Alliance","robots":{"index":"index","follow":"follow","max-snippet":"max-snippet:-1","max-image-preview":"max-image-preview:large","max-video-preview":"max-video-preview:-1"},"canonical":"https:\/\/www.ascentria.org\/vi\/cong-dong\/ho-tro-su-menh-cua-chung-toi\/tang-mot-chiec-o-to\/","og_locale":"vi_VN","og_type":"article","og_title":"T\u1eb7ng m\u1ed9t chi\u1ebfc \u00f4 t\u00f4","og_description":"H\u01a1n 5.500 chi\u1ebfc \u00f4 t\u00f4 quy\u00ean g\u00f3p \u0111\u00e3 \u0111\u01b0\u1ee3c t\u00e2n trang l\u1ea1i v\u00e0 trao t\u1eb7ng cho c\u00e1c gia \u0111\u00ecnh \u1edf New England th\u00f4ng qua Ch\u01b0\u01a1ng tr\u00ecnh Nh\u00e0 \u0111\u1ec3 xe Good News c\u1ee7a Ascentria.","og_url":"https:\/\/www.ascentria.org\/vi\/cong-dong\/ho-tro-su-menh-cua-chung-toi\/tang-mot-chiec-o-to\/","og_site_name":"Ascentria Care Alliance","twitter_card":"summary_large_image","schema":{"@context":"https:\/\/schema.org","@graph":[{"@type":"WebPage","@id":"https:\/\/www.ascentria.org\/vi\/cong-dong\/ho-tro-su-menh-cua-chung-toi\/tang-mot-chiec-o-to\/","url":"https:\/\/www.ascentria.org\/vi\/cong-dong\/ho-tro-su-menh-cua-chung-toi\/tang-mot-chiec-o-to\/","name":"T\u1eb7ng m\u1ed9t chi\u1ebfc \u00f4 t\u00f4 - Ascentria Care Alliance","isPartOf":{"@id":"https:\/\/www.ascentria.org\/vi\/#website"},"datePublished":"2023-12-11T20:12:31+00:00","breadcrumb":{"@id":"https:\/\/www.ascentria.org\/vi\/cong-dong\/ho-tro-su-menh-cua-chung-toi\/tang-mot-chiec-o-to\/#breadcrumb"},"inLanguage":"vi-VN","potentialAction":[{"@type":"ReadAction","target":["https:\/\/www.ascentria.org\/vi\/cong-dong\/ho-tro-su-menh-cua-chung-toi\/tang-mot-chiec-o-to\/"]}]},{"@type":"BreadcrumbList","@id":"https:\/\/www.ascentria.org\/vi\/cong-dong\/ho-tro-su-menh-cua-chung-toi\/tang-mot-chiec-o-to\/#breadcrumb","itemListElement":[{"@type":"ListItem","position":1,"name":"Home","item":"https:\/\/www.ascentria.org\/vi\/"},{"@type":"ListItem","position":2,"name":"C\u1ed9ng \u0111\u1ed3ng","item":"https:\/\/www.ascentria.org\/vi\/cong-dong\/"},{"@type":"ListItem","position":3,"name":"H\u1ed7 tr\u1ee3 s\u1ee9 m\u1ec7nh c\u1ee7a ch\u00fang t\u00f4i","item":"https:\/\/www.ascentria.org\/vi\/cong-dong\/ho-tro-su-menh-cua-chung-toi\/"},{"@type":"ListItem","position":4,"name":"T\u1eb7ng m\u1ed9t chi\u1ebfc \u00f4 t\u00f4"}]},{"@type":"WebSite","@id":"https:\/\/www.ascentria.org\/vi\/#website","url":"https:\/\/www.ascentria.org\/vi\/","name":"Ascentria Care Alliance","description":"","publisher":{"@id":"https:\/\/www.ascentria.org\/vi\/#organization"},"potentialAction":[{"@type":"SearchAction","target":{"@type":"EntryPoint","urlTemplate":"https:\/\/www.ascentria.org\/vi\/?s={search_term_string}"},"query-input":{"@type":"PropertyValueSpecification","valueRequired":true,"valueName":"search_term_string"}}],"inLanguage":"vi-VN"},{"@type":"Organization","@id":"https:\/\/www.ascentria.org\/vi\/#organization","name":"Ascentria Care Alliance","url":"https:\/\/www.ascentria.org\/vi\/","logo":{"@type":"ImageObject","inLanguage":"vi-VN","@id":"https:\/\/www.ascentria.org\/vi\/#\/schema\/logo\/image\/","url":"https:\/\/www.ascentria.org\/wp-content\/uploads\/2023\/11\/asc-logo-horiz-light.png","contentUrl":"https:\/\/www.ascentria.org\/wp-content\/uploads\/2023\/11\/asc-logo-horiz-light.png","width":1534,"height":424,"caption":"Ascentria Care Alliance"},"image":{"@id":"https:\/\/www.ascentria.org\/vi\/#\/schema\/logo\/image\/"}}]}},"_links":{"self":[{"href":"https:\/\/www.ascentria.org\/vi\/wp-json\/wp\/v2\/pages\/6874","targetHints":{"allow":["GET"]}}],"collection":[{"href":"https:\/\/www.ascentria.org\/vi\/wp-json\/wp\/v2\/pages"}],"about":[{"href":"https:\/\/www.ascentria.org\/vi\/wp-json\/wp\/v2\/types\/page"}],"author":[{"embeddable":true,"href":"https:\/\/www.ascentria.org\/vi\/wp-json\/wp\/v2\/users\/5"}],"replies":[{"embeddable":true,"href":"https:\/\/www.ascentria.org\/vi\/wp-json\/wp\/v2\/comments?post=6874"}],"version-history":[{"count":0,"href":"https:\/\/www.ascentria.org\/vi\/wp-json\/wp\/v2\/pages\/6874\/revisions"}],"up":[{"embeddable":true,"href":"https:\/\/www.ascentria.org\/vi\/wp-json\/wp\/v2\/pages\/6857"}],"wp:attachment":[{"href":"https:\/\/www.ascentria.org\/vi\/wp-json\/wp\/v2\/media?parent=6874"}],"curies":[{"name":"wp","href":"https:\/\/api.w.org\/{rel}","templated":true}]}}